{"id":156,"date":"2017-06-12T16:55:35","date_gmt":"2017-06-12T14:55:35","guid":{"rendered":"https:\/\/www.fsv1910.org\/wordpress\/?page_id=156"},"modified":"2026-03-23T20:11:04","modified_gmt":"2026-03-23T19:11:04","slug":"flugschule","status":"publish","type":"page","link":"https:\/\/fsv1910.org\/?page_id=156","title":{"rendered":"Flugschule"},"content":{"rendered":"<div  data-label=\"Teaser\" data-id=\"about-image-section-pro\" data-category=\"about\" class=\"about-image-section-pro\" id=\"teaser\" style=\"background-color: rgb(255, 255, 255); background-image: none;\" data-ovid=\"ovid-about-us-2-535\"> <div  class=\"gridContainer\"> <div  class=\"row about-image-gridcol-pro\"> <div  class=\"about-image-textcol-pro\" data-type=\"column\"> <h2  class=\"\"><span  style=\"font-weight: 400;\">Unsere Flugschule bildet dich aus<\/span><\/h2> <p  class=\"\">Selbst am Steuer eines Flugzeugs zu sitzen, ist ein unbeschreibliches Gef\u00fchl.&nbsp;Hier erf\u00e4hrst Du, wie Du mit uns deinen Traum vom Fliegen wahr machen kannst. Es ist leichter als Du denkst!<\/p> <\/div> <div  data-type=\"column\" class=\"\"> <img  decoding=\"async\" class=\"about-image-img-pro\" src=\"https:\/\/fsv1910.org\/wp-content\/uploads\/Anja_Cockpit.jpg\" alt=\"\"><p  style=\"padding-left: 15px; padding-right: 15px;\" class=\"\">\n<br >Seit fast 60 Jahren bilden wir in unserer Motorflugschule Pilotinnen und Piloten aus. Unsere erfahrenen Fluglehrer begleiten dich durch die gesamte Ausbildung: Von der ersten Flugstunde, \u00fcber den ersten Alleinflug, bis zur Pr\u00fcfungsreife. Auf unseren <a  href=\"https:\/\/fsv1910.org?page_id=2202\">Flugzeugen<\/a> lernst Du alles, was dich zum sicheren PIC (Pilot in command) macht.&nbsp;Die Theorie machst Du im Fernlehrgang. Unser Fluglehrerteam unterst\u00fctzt dich dabei. Zudem haben wir mit dem <a  href=\"https:\/\/www.baden-airpark.de\/passagiere-besucher\/luftfahrt\/piloteninfo\" target=\"_blank\" class=\"\">Flughafen Karlsruhe\/Baden-Baden<\/a> (EDSB) eine Heimatbasis, die beste Bedingungen f\u00fcr die Schulung bietet.<\/p> <\/div> <\/div> <\/div> <\/div><div  data-label=\"Lizenzen\" data-id=\"content-image-left\" data-category=\"content\" class=\"content-left-image-section content-image-left\" id=\"lizenzen\" style=\"background-color: rgb(255, 255, 255); background-image: none;\" data-ovid=\"ovid-lizenzen-105\"> <div  class=\"gridContainer\"> <div  class=\"row\"> <div  class=\"content-left-image-imgcol\" data-type=\"column\"> <img  decoding=\"async\" src=\"https:\/\/fsv1910.org\/wp-content\/uploads\/Lizenz.jpg\" class=\"\" alt=\"\"> <\/div> <div  class=\"content-left-image-textcol dynamic-color\" data-type=\"column\"> <h2  class=\"\">Diese Lizenzen kannst Du bei uns erwerben<\/h2>  <p  class=\"\"><span  style=\"font-weight: 700; color: rgb(0, 0, 0);\">Private Pilot Licence PPL(A)<\/span><br >\nDie Private Pilot Licence PPL(A) gem\u00e4\u00df PART-FCL berechtigt zu Fl\u00fcgen auf europ\u00e4isch registrierten Flugzeugen. Sie ist weltweit g\u00fcltig und kann auch in eine andere Lizenz (z. B. f\u00fcr die USA) umgeschrieben werden.<\/p><p  class=\"\"><span  style=\"font-weight: 700; color: rgb(0, 0, 0);\">Light Aircraft Pilot Licence LAPL(A)<\/span><br >Berechtigt zur F\u00fchrung von einmotorigen Flugzeugen bis 2000 kg H\u00f6chstabflugmasse innerhalb Europas. Es d\u00fcrfen maximal drei Passagiere bef\u00f6rdert werden. Ein Upgrade auf weiterf\u00fchrende Lizenzen f\u00fchrt nur \u00fcber die PPL(A).<\/p> <i  class=\"fa cp-icon fa6 fa-question-circle color6\"><\/i><a  href=\"#kontakt\" class=\"\" target=\"_self\"> noch Fragen?<\/a><\/div> <\/div> <\/div> <\/div><div  data-label=\"Ausbildung\" data-id=\"features-large-icons-section\" data-category=\"features\" class=\"features-large-icons-section\" id=\"ausbildung\" style=\"background-color: rgb(255, 255, 255); background-image: none;\" data-ovid=\"ovid-features-3-141\">\n\n<div  class=\"gridContainer dynamic-color\"> <div  class=\"features-large-icons-textrow\"> <div  class=\"features-large-icons-textcol\" data-type=\"column\"> <h2  class=\"\">So l\u00e4uft die Ausbildung<\/h2>  <\/div> <\/div> \n\n<div  class=\"features-large-icons-featrow\" data-type=\"row\"> <div  class=\"features-large-icons-featcol cp6cols-tablet cp6cols\">\n\n<i  class=\"fa cp-icon fa2 fa-plane color1\"><\/i>\n\n\n\n\n <p  class=\"\"><span  style=\"font-weight: 700; color: rgb(0, 0, 0);\">Praxis:<\/span><br >1. Erwerb der grundlegenden fliegerischen Fertigkeiten bis zur Alleinflugreife<br >2. \u00dcberlandfl\u00fcge mit und ohne Fluglehrer<br >3. Vertiefung der fliegerischen Fertigkeiten und Training besonderer Flugzust\u00e4nde.<\/p><p  class=\"\">Bis zur praktischen PPL(A)-Pr\u00fcfung werden 45 Stunden ben\u00f6tigt, davon 10 Stunden im Alleinflug. Beim LAPL(A) sind es insgesamt 35 Stunden.<\/p> <\/div>   <div  class=\"features-large-icons-featcol cp6cols-tablet cp6cols\"> <i  class=\"fa cp-icon fa2 fa-pencil-square-o color1\"><\/i>\n\n\n\n <p  class=\"\"><span  style=\"font-weight: 700; color: rgb(0, 0, 0);\">Theorie:<\/span><br >Der Beginn der Theorieausbildung ist bei uns jederzeit m\u00f6glich. Sie findet \u00fcber einen zertifizierten Fernlehrgang statt. Innerhalb unserer Flugschule bieten wir erg\u00e4nzend und individuell, nach pers\u00f6nlicher Vereinbarung, begleitenden Direktunterricht durch unsere Fluglehrer an.<\/p> <p  class=\"\">Die theoretische Ausbildung umfasst folgende F\u00e4cher:<\/p><\/div> <\/div> <\/div><\/div><div  data-label=\"Theorie\" data-id=\"content-image-left-5\" data-category=\"content\" class=\"content-left-image-section content-image-left-5\" id=\"theorie\" style=\"background-color: rgb(255, 255, 255); background-image: none;\" data-ovid=\"ovid-content-1-865\"> <div  class=\"gridContainer\"> <div  class=\"row\"> <div  class=\"content-left-image-imgcol\" data-type=\"column\"> <img  decoding=\"async\" src=\"https:\/\/fsv1910.org\/wp-content\/uploads\/ICAO-Karte.jpg\" class=\"\" alt=\"\"> <\/div> <div  class=\"content-left-image-textcol dynamic-color\" data-type=\"column\"> \n\n<ul  class=\"\"><li >Luftrecht<\/li><li >Menschliches Leistungsverm\u00f6gen<\/li><li >Meteorologie<\/li><li >Grundlagen des Fliegens<\/li><li >Betriebliche Verfahren<\/li><li >Flugleistung und Flugplanung<\/li><li >Allgemeine Luftfahrzeugkunde<\/li><li >Navigation<\/li><li >Kommunikation (Sprechfunkzeugnis)<\/li><\/ul>\n\n<\/div> <\/div> <\/div> <\/div><div  data-label=\"Ausbildungsdauer\" data-id=\"content-image-left-2\" data-category=\"content\" class=\"content-left-image-section content-image-left-2\" id=\"ausbildungsdauer\" style=\"background-color: rgb(255, 255, 255); background-image: none;\" data-ovid=\"ovid-content-3-535\"> <div  class=\"gridContainer\"> <div  class=\"row\"> <div  class=\"content-left-image-imgcol\" data-type=\"column\"> <img  decoding=\"async\" src=\"https:\/\/fsv1910.org\/wp-content\/uploads\/calendar-1.jpg\" class=\"\" alt=\"\"> <\/div> <div  class=\"content-left-image-textcol dynamic-color\" data-type=\"column\"> <h2  class=\"\">Wie lange dauert\u2019s?<\/h2>   <p  class=\"\">Durchschnittlich dauert eine Pilotenausbildung bei uns zwischen 12 und 18 Monaten. Die Theorie verst\u00e4rkt in die Wintermonate zu verlegen kann von Vorteil sein, da in dieser Zeit oft kein gutes Flugwetter herrscht. Die Anzahl der ben\u00f6tigten Flugstunden ist abh\u00e4ngig vom pers\u00f6nlichen Lernfortschritt und der verf\u00fcgbaren Zeit. Unsere Fluglehrer stehen nach individueller Absprache zur Verf\u00fcgung. \u00dcber ein Reservierungssystem kannst Du unsere Flugzeuge bequem online buchen.<\/p><\/div> <\/div> <\/div> <\/div><div  data-label=\"Kosten\" data-id=\"content-image-left-1\" data-category=\"content\" class=\"content-left-image-section content-image-left-1\" id=\"kosten\" style=\"background-color: rgb(255, 255, 255); background-image: none;\" data-ovid=\"ovid-content-3-2023\"> <div  class=\"gridContainer\"> <div  class=\"row\"> <div  class=\"content-left-image-imgcol\" data-type=\"column\"> <img  decoding=\"async\" src=\"https:\/\/fsv1910.org\/wp-content\/uploads\/kosten.jpg\" class=\"\" alt=\"\"> <\/div> <div  class=\"content-left-image-textcol dynamic-color\" data-type=\"column\"> <h2  class=\"\">Ausbildung im Verein bietet viel, kostet weniger<\/h2>   <p  class=\"\">Werde Mitglied und wir bieten dir einen g\u00fcnstigen Weg in die Fliegerei. Der FSV 1910 Karlsruhe e.V. ist als gemeinn\u00fctzig anerkannt. Dadurch erhalten wir Versicherungsrabatte, Spenden, Zusch\u00fcsse und F\u00f6rdermittel. Unser Personal in Verwaltung, Technik und Ausbildung arbeitet ehrenamtlich \u2013&nbsp; ein zus\u00e4tzlicher Kostenvorteil. Die endg\u00fcltigen Ausbildungskosten sind haupts\u00e4chlich von den ben\u00f6tigten Flugstunden abh\u00e4ngig. Unsere Mitgliedsbeitr\u00e4ge und Flugentgelte kannst Du <a  href=\"wp-content\/uploads\/beitr_entgelt_fsvmot.pdf\" target=\"_blank\" class=\"\">hier<\/a> einsehen.<\/p><\/div> <\/div> <\/div> <\/div><div  data-label=\"Angebote\" data-id=\"content-image-left-3\" data-category=\"content\" class=\"content-left-image-section content-image-left-3\" id=\"angebote\" style=\"background-color: rgb(255, 255, 255); background-image: none;\" data-ovid=\"ovid-angebote-119\"> <div  class=\"gridContainer\"> <div  class=\"row\"> <div  class=\"content-left-image-imgcol\" data-type=\"column\"> <img  decoding=\"async\" src=\"https:\/\/fsv1910.org\/wp-content\/uploads\/on_top-2.jpg\" class=\"\" alt=\"\"> <\/div> <div  class=\"content-left-image-textcol dynamic-color\" data-type=\"column\"> <h2  class=\"\">Was bieten wir noch?<\/h2>   <p  class=\"\"><span  style=\"font-weight: 700; color: rgb(0, 0, 0);\">Sprechfunkzeugnis<\/span><br >BZF II (deutsch) f\u00fcr Fl\u00fcge in Deutschland nach Sichtflugregeln (VFR) und BZF I (englisch) f\u00fcrs Ausland.<br >AZF (englisch) f\u00fcr Fl\u00fcge nach Instrumentenflugregeln (IFR).<\/p><p  class=\"&quot;&quot;\"><span  600;\"=\"\"><span  style=\"font-weight: 700; color: rgb(0, 0, 0);\">Unterschiedsschulung<\/span><br >Muster mit Verstellpropeller\/Turbolader<br >Umstellung vom \u201eUhrenladen\u201c auf Glascockpit (EFIS)<\/span><\/p><p  class=\"&quot;&quot;\"><span  600;\"=\"\"><span  style=\"font-weight: 700; color: rgb(0, 0, 0);\">Nachtflugberechtigung NVFR<\/span><br >F\u00fcnf zus\u00e4tzliche Flugstunden bei Nacht, davon drei mit Fluglehrer. Mindestens eine Stunde \u00dcberlandflugnavigation. Ausbildung und Training bieten wir von Oktober bis M\u00e4rz an.<\/span><\/p><\/div> <\/div> <\/div> <\/div><div  data-label=\"Content\" data-id=\"content-image-left-4\" data-category=\"content\" class=\"content-left-image-section content-image-left-4\" id=\"content-3\" style=\"background-color: rgb(255, 255, 255); background-image: none;\" data-ovid=\"ovid-content-3-124\"> <div  class=\"gridContainer\"> <div  class=\"row\"> <div  class=\"content-left-image-imgcol\" data-type=\"column\"> <img  decoding=\"async\" src=\"https:\/\/fsv1910.org\/wp-content\/uploads\/Garmin_D-EAMX.jpg\" class=\"\" alt=\"\"> <\/div> <div  class=\"content-left-image-textcol dynamic-color\" data-type=\"column\"> <h2  class=\"\">Instrumentenflug&nbsp;<\/h2>   <p  class=\"\">In unserem Verein kannst Du einen gro\u00dfen Teil der Ausbildung zum CB-IR (Competency Based Instrument Rating) und zum BIR (Basic Instrument Rating) absolvieren. F\u00fcr den Teil, der in einer IR-ATO erfolgen muss, arbeiten wir mit der <a  href=\"https:\/\/aero-beta.de\" target=\"_blank\" rel=\"noopener\" class=\"\">AeroBeta Verkehrsfliegerschule<\/a> und mit <a  href=\"https:\/\/roxta-air.com\" target=\"_blank\" rel=\"noopener\" class=\"\">Roxta Air<\/a> zusammen.<br >\nMit diesem Paket k\u00f6nnen wir die IR-Ausbildung auf unseren hervorragend ausgestatteten <a  href=\"https:\/\/fsv1910.org?page_id=2202\">Flugzeugen<\/a> zu sehr g\u00fcnstigen Konditionen anbieten.&nbsp;<\/p><\/div> <\/div> <\/div> <\/div><div  data-label=\"Kontakt\" data-id=\"features-small-icon-cards-section-1\" data-category=\"features\" class=\"features-small-icon-cards-section features-small-icon-cards-section-1\" id=\"kontakt\" style=\"background-color: rgb(255, 255, 255); background-image: none;\" data-ovid=\"ovid-kontakt-116\"> <div  class=\"gridContainer\"> <div  class=\"features-small-icon-cards-textrow\"> <div  class=\"features-small-icon-cards-textcol dynamic-color\" data-type=\"column\"> <h2  class=\"\">Noch Fragen?<\/h2> <p  class=\"\">In Sachen Ausbildung kannst Du gerne direkt Kontakt mit unserem Ausbildungsleiter Klaus Wegmann-Merseburger aufnehmen. Er wird dir alle Fragen rund um die Pilotenausbildung beantworten.<\/p> <a  class=\"button small no-shadow color1\" href=\"https:\/\/fsv1910.org?page_id=1752\" target=\"_self\" data-icon=\"\">Kontakt<\/a><\/div> <\/div>  <\/div><\/div><div  data-label=\"Downloads\" data-id=\"features-small-icon-cards-section-undefined\" data-category=\"features\" class=\"features-small-icon-cards-section features-small-icon-cards-section-undefined content-relative\" id=\"downloads\" style=\"background-color: rgb(255, 255, 255); background-image: none;\" data-ovid=\"ovid-features-5-4748\">\n\n<div  class=\"gridContainer\">\n<div  class=\"features-small-icon-cards-textrow\">\n<div  class=\"features-small-icon-cards-textcol dynamic-color\" data-type=\"column\">\n\n<p  class=\"\">Du m\u00f6chtest bei uns Mitglied werden? Du willst wissen, was dich deine Mitgliedschaft beim FSV 1910 e.V. kostet?&nbsp;Hier sind die Infos:<\/p><a  class=\"button small no-shadow color1\" href=\"wp-content\/uploads\/Aufnahme-Antrag.pdf\" target=\"_blank\" data-icon=\"fa-align-justify\">Werde Mitglied<\/a>\n\n<a  class=\"button small no-shadow color1\" href=\"wp-content\/uploads\/beitr_entgelt_fsvmot.pdf\" target=\"_blank\" data-icon=\"fa-money\">Kosten<\/a>\n\n<\/div>\n<\/div>\n\n<\/div>\n<\/div>","protected":false},"excerpt":{"rendered":"<p>Unsere Flugschule bildet dich aus Selbst am Steuer eines Flugzeugs zu sitzen, ist ein unbeschreibliches Gef\u00fchl.&nbsp;Hier erf\u00e4hrst Du, wie Du mit uns deinen Traum vom Fliegen wahr machen kannst. Es ist leichter als Du denkst! Seit fast 60 Jahren bilden wir in unserer Motorflugschule Pilotinnen und Piloten aus. Unsere erfahrenen Fluglehrer begleiten dich durch die&hellip; <br \/> <a class=\"button small blue\" href=\"https:\/\/fsv1910.org\/?page_id=156\">Weiterlesen<\/a><\/p>\n","protected":false},"author":5,"featured_media":2681,"parent":0,"menu_order":0,"comment_status":"closed","ping_status":"closed","template":"full-width-page.php","meta":{"footnotes":""},"class_list":["post-156","page","type-page","status-publish","has-post-thumbnail","hentry"],"yoast_head":"<!-- This site is optimized with the Yoast SEO plugin v27.4 - https:\/\/yoast.com\/product\/yoast-seo-wordpress\/ -->\n<title>Flugschule &#8211; FSV 1910 Karlsruhe e.V<\/title>\n<meta name=\"robots\" content=\"index, follow, max-snippet:-1, max-image-preview:large, max-video-preview:-1\" \/>\n<link rel=\"canonical\" href=\"https:\/\/fsv1910.org\/?page_id=156\" \/>\n<meta property=\"og:locale\" content=\"de_DE\" \/>\n<meta property=\"og:type\" content=\"article\" \/>\n<meta property=\"og:title\" content=\"Flugschule &#8211; FSV 1910 Karlsruhe e.V\" \/>\n<meta property=\"og:description\" content=\"Unsere Flugschule bildet dich aus Selbst am Steuer eines Flugzeugs zu sitzen, ist ein unbeschreibliches Gef\u00fchl.&nbsp;Hier erf\u00e4hrst Du, wie Du mit uns deinen Traum vom Fliegen wahr machen kannst. Es ist leichter als Du denkst! Seit fast 60 Jahren bilden wir in unserer Motorflugschule Pilotinnen und Piloten aus. Unsere erfahrenen Fluglehrer begleiten dich durch die&hellip; Weiterlesen\" \/>\n<meta property=\"og:url\" content=\"https:\/\/fsv1910.org\/?page_id=156\" \/>\n<meta property=\"og:site_name\" content=\"FSV 1910 Karlsruhe e.V\" \/>\n<meta property=\"article:modified_time\" content=\"2026-03-23T19:11:04+00:00\" \/>\n<meta property=\"og:image\" content=\"https:\/\/fsv1910.org\/wp-content\/uploads\/header_flugschule-1.jpg\" \/>\n\t<meta property=\"og:image:width\" content=\"1920\" \/>\n\t<meta property=\"og:image:height\" content=\"900\" \/>\n\t<meta property=\"og:image:type\" content=\"image\/jpeg\" \/>\n<meta name=\"twitter:card\" content=\"summary_large_image\" \/>\n<meta name=\"twitter:label1\" content=\"Gesch\u00e4tzte Lesezeit\" \/>\n\t<meta name=\"twitter:data1\" content=\"3\u00a0Minuten\" \/>\n<script type=\"application\/ld+json\" class=\"yoast-schema-graph\">{\"@context\":\"https:\\\/\\\/schema.org\",\"@graph\":[{\"@type\":\"WebPage\",\"@id\":\"https:\\\/\\\/fsv1910.org\\\/?page_id=156\",\"url\":\"https:\\\/\\\/fsv1910.org\\\/?page_id=156\",\"name\":\"Flugschule &#8211; FSV 1910 Karlsruhe e.V\",\"isPartOf\":{\"@id\":\"https:\\\/\\\/fsv1910.org\\\/#website\"},\"primaryImageOfPage\":{\"@id\":\"https:\\\/\\\/fsv1910.org\\\/?page_id=156#primaryimage\"},\"image\":{\"@id\":\"https:\\\/\\\/fsv1910.org\\\/?page_id=156#primaryimage\"},\"thumbnailUrl\":\"https:\\\/\\\/fsv1910.org\\\/wp-content\\\/uploads\\\/header_flugschule-1.jpg\",\"datePublished\":\"2017-06-12T14:55:35+00:00\",\"dateModified\":\"2026-03-23T19:11:04+00:00\",\"breadcrumb\":{\"@id\":\"https:\\\/\\\/fsv1910.org\\\/?page_id=156#breadcrumb\"},\"inLanguage\":\"de\",\"potentialAction\":[{\"@type\":\"ReadAction\",\"target\":[\"https:\\\/\\\/fsv1910.org\\\/?page_id=156\"]}]},{\"@type\":\"ImageObject\",\"inLanguage\":\"de\",\"@id\":\"https:\\\/\\\/fsv1910.org\\\/?page_id=156#primaryimage\",\"url\":\"https:\\\/\\\/fsv1910.org\\\/wp-content\\\/uploads\\\/header_flugschule-1.jpg\",\"contentUrl\":\"https:\\\/\\\/fsv1910.org\\\/wp-content\\\/uploads\\\/header_flugschule-1.jpg\",\"width\":1920,\"height\":900},{\"@type\":\"BreadcrumbList\",\"@id\":\"https:\\\/\\\/fsv1910.org\\\/?page_id=156#breadcrumb\",\"itemListElement\":[{\"@type\":\"ListItem\",\"position\":1,\"name\":\"Startseite\",\"item\":\"https:\\\/\\\/fsv1910.org\\\/\"},{\"@type\":\"ListItem\",\"position\":2,\"name\":\"Flugschule\"}]},{\"@type\":\"WebSite\",\"@id\":\"https:\\\/\\\/fsv1910.org\\\/#website\",\"url\":\"https:\\\/\\\/fsv1910.org\\\/\",\"name\":\"FSV 1910 Karlsruhe Motorflug\",\"description\":\"Abteilung Motorflug\",\"publisher\":{\"@id\":\"https:\\\/\\\/fsv1910.org\\\/#organization\"},\"potentialAction\":[{\"@type\":\"SearchAction\",\"target\":{\"@type\":\"EntryPoint\",\"urlTemplate\":\"https:\\\/\\\/fsv1910.org\\\/?s={search_term_string}\"},\"query-input\":{\"@type\":\"PropertyValueSpecification\",\"valueRequired\":true,\"valueName\":\"search_term_string\"}}],\"inLanguage\":\"de\"},{\"@type\":\"Organization\",\"@id\":\"https:\\\/\\\/fsv1910.org\\\/#organization\",\"name\":\"FSV 1910 Karlsruhe Motorflug\",\"url\":\"https:\\\/\\\/fsv1910.org\\\/\",\"logo\":{\"@type\":\"ImageObject\",\"inLanguage\":\"de\",\"@id\":\"https:\\\/\\\/fsv1910.org\\\/#\\\/schema\\\/logo\\\/image\\\/\",\"url\":\"https:\\\/\\\/fsv1910.org\\\/wp-content\\\/uploads\\\/2025-07-07-final-black.png\",\"contentUrl\":\"https:\\\/\\\/fsv1910.org\\\/wp-content\\\/uploads\\\/2025-07-07-final-black.png\",\"width\":1558,\"height\":534,\"caption\":\"FSV 1910 Karlsruhe Motorflug\"},\"image\":{\"@id\":\"https:\\\/\\\/fsv1910.org\\\/#\\\/schema\\\/logo\\\/image\\\/\"}}]}<\/script>\n<!-- \/ Yoast SEO plugin. -->","yoast_head_json":{"title":"Flugschule &#8211; FSV 1910 Karlsruhe e.V","robots":{"index":"index","follow":"follow","max-snippet":"max-snippet:-1","max-image-preview":"max-image-preview:large","max-video-preview":"max-video-preview:-1"},"canonical":"https:\/\/fsv1910.org\/?page_id=156","og_locale":"de_DE","og_type":"article","og_title":"Flugschule &#8211; FSV 1910 Karlsruhe e.V","og_description":"Unsere Flugschule bildet dich aus Selbst am Steuer eines Flugzeugs zu sitzen, ist ein unbeschreibliches Gef\u00fchl.&nbsp;Hier erf\u00e4hrst Du, wie Du mit uns deinen Traum vom Fliegen wahr machen kannst. Es ist leichter als Du denkst! Seit fast 60 Jahren bilden wir in unserer Motorflugschule Pilotinnen und Piloten aus. Unsere erfahrenen Fluglehrer begleiten dich durch die&hellip; Weiterlesen","og_url":"https:\/\/fsv1910.org\/?page_id=156","og_site_name":"FSV 1910 Karlsruhe e.V","article_modified_time":"2026-03-23T19:11:04+00:00","og_image":[{"width":1920,"height":900,"url":"https:\/\/fsv1910.org\/wp-content\/uploads\/header_flugschule-1.jpg","type":"image\/jpeg"}],"twitter_card":"summary_large_image","twitter_misc":{"Gesch\u00e4tzte Lesezeit":"3\u00a0Minuten"},"schema":{"@context":"https:\/\/schema.org","@graph":[{"@type":"WebPage","@id":"https:\/\/fsv1910.org\/?page_id=156","url":"https:\/\/fsv1910.org\/?page_id=156","name":"Flugschule &#8211; FSV 1910 Karlsruhe e.V","isPartOf":{"@id":"https:\/\/fsv1910.org\/#website"},"primaryImageOfPage":{"@id":"https:\/\/fsv1910.org\/?page_id=156#primaryimage"},"image":{"@id":"https:\/\/fsv1910.org\/?page_id=156#primaryimage"},"thumbnailUrl":"https:\/\/fsv1910.org\/wp-content\/uploads\/header_flugschule-1.jpg","datePublished":"2017-06-12T14:55:35+00:00","dateModified":"2026-03-23T19:11:04+00:00","breadcrumb":{"@id":"https:\/\/fsv1910.org\/?page_id=156#breadcrumb"},"inLanguage":"de","potentialAction":[{"@type":"ReadAction","target":["https:\/\/fsv1910.org\/?page_id=156"]}]},{"@type":"ImageObject","inLanguage":"de","@id":"https:\/\/fsv1910.org\/?page_id=156#primaryimage","url":"https:\/\/fsv1910.org\/wp-content\/uploads\/header_flugschule-1.jpg","contentUrl":"https:\/\/fsv1910.org\/wp-content\/uploads\/header_flugschule-1.jpg","width":1920,"height":900},{"@type":"BreadcrumbList","@id":"https:\/\/fsv1910.org\/?page_id=156#breadcrumb","itemListElement":[{"@type":"ListItem","position":1,"name":"Startseite","item":"https:\/\/fsv1910.org\/"},{"@type":"ListItem","position":2,"name":"Flugschule"}]},{"@type":"WebSite","@id":"https:\/\/fsv1910.org\/#website","url":"https:\/\/fsv1910.org\/","name":"FSV 1910 Karlsruhe Motorflug","description":"Abteilung Motorflug","publisher":{"@id":"https:\/\/fsv1910.org\/#organization"},"potentialAction":[{"@type":"SearchAction","target":{"@type":"EntryPoint","urlTemplate":"https:\/\/fsv1910.org\/?s={search_term_string}"},"query-input":{"@type":"PropertyValueSpecification","valueRequired":true,"valueName":"search_term_string"}}],"inLanguage":"de"},{"@type":"Organization","@id":"https:\/\/fsv1910.org\/#organization","name":"FSV 1910 Karlsruhe Motorflug","url":"https:\/\/fsv1910.org\/","logo":{"@type":"ImageObject","inLanguage":"de","@id":"https:\/\/fsv1910.org\/#\/schema\/logo\/image\/","url":"https:\/\/fsv1910.org\/wp-content\/uploads\/2025-07-07-final-black.png","contentUrl":"https:\/\/fsv1910.org\/wp-content\/uploads\/2025-07-07-final-black.png","width":1558,"height":534,"caption":"FSV 1910 Karlsruhe Motorflug"},"image":{"@id":"https:\/\/fsv1910.org\/#\/schema\/logo\/image\/"}}]}},"_links":{"self":[{"href":"https:\/\/fsv1910.org\/index.php?rest_route=\/wp\/v2\/pages\/156","targetHints":{"allow":["GET"]}}],"collection":[{"href":"https:\/\/fsv1910.org\/index.php?rest_route=\/wp\/v2\/pages"}],"about":[{"href":"https:\/\/fsv1910.org\/index.php?rest_route=\/wp\/v2\/types\/page"}],"author":[{"embeddable":true,"href":"https:\/\/fsv1910.org\/index.php?rest_route=\/wp\/v2\/users\/5"}],"replies":[{"embeddable":true,"href":"https:\/\/fsv1910.org\/index.php?rest_route=%2Fwp%2Fv2%2Fcomments&post=156"}],"version-history":[{"count":355,"href":"https:\/\/fsv1910.org\/index.php?rest_route=\/wp\/v2\/pages\/156\/revisions"}],"predecessor-version":[{"id":4862,"href":"https:\/\/fsv1910.org\/index.php?rest_route=\/wp\/v2\/pages\/156\/revisions\/4862"}],"wp:featuredmedia":[{"embeddable":true,"href":"https:\/\/fsv1910.org\/index.php?rest_route=\/wp\/v2\/media\/2681"}],"wp:attachment":[{"href":"https:\/\/fsv1910.org\/index.php?rest_route=%2Fwp%2Fv2%2Fmedia&parent=156"}],"curies":[{"name":"wp","href":"https:\/\/api.w.org\/{rel}","templated":true}]}}