{"id":2186,"date":"2025-07-10T22:01:31","date_gmt":"2025-07-10T20:01:31","guid":{"rendered":"https:\/\/fsv1910.org\/?page_id=2186"},"modified":"2026-03-16T13:05:28","modified_gmt":"2026-03-16T12:05:28","slug":"untitled-page-2025-07-10-200155","status":"publish","type":"page","link":"https:\/\/fsv1910.org\/?page_id=2186","title":{"rendered":"Fliegen"},"content":{"rendered":"<div  data-label=\"About us\" data-id=\"about-image-section-pro\" data-category=\"about\" class=\"about-image-section-pro\" id=\"about-us-2\" style=\"background-color: #ffffff; background-image: none;\" data-ovid=\"ovid-about-us-2-514\">\n<div  class=\"gridContainer\">\n<div  class=\"row about-image-gridcol-pro\">\n<div  class=\"about-image-textcol-pro\" data-type=\"column\">\n<h2  class=\"\"><span  style=\"font-weight: 400;\">Fliegen! \u2013 Erlebe die Welt von oben<\/span><\/h2>\n<p  class=\"\">Bei uns ist Abwechslung garantiert. Hier triffst Du auf Pilotinnen und Piloten mit den unterschiedlichsten fliegerischen Leidenschaften. Und falls Du die sportliche Herausforderung suchst: Eine Reihe von spannenden Wettbewerben warten auf dich.<\/p>\n\n<\/div>\n<div  data-type=\"column\" class=\"\">\n<img  decoding=\"async\" class=\"about-image-img-pro\" src=\"https:\/\/fsv1910.org\/wp-content\/uploads\/Feldberg.jpg\" alt=\"\">\n<p  style=\"text-align: center;\" class=\"\">Feldberg \/ Schwarzwald<\/p>\n\n<p  style=\"padding-left: 15px; padding-right: 15px;\" class=\"\">Viele Fl\u00fcge unserer Mitglieder sind Genussfl\u00fcge \u2013 einfach so, zum Spa\u00df. Manchmal gen\u00fcgt schon ein kleiner Rundflug \u00fcber den Schwarzwald, Pf\u00e4lzer Wald oder den Kraichgau, um dabei ganz entspannt die Welt aus der Vogelperspektive zu betrachten. Wenn Du erst einmal in der Luft bist und unter dir Orte der n\u00e4heren Umgebung vorbeiziehen \u2013 Karlsruhe, Mannheim, Speyer, Pforzheim oder Stuttgart \u2013 dann sp\u00fcrst Du sie, die Leidenschaft f\u00fcrs Fliegen.<\/p>\n<i  class=\"fa cp-icon fa6 fa-info-circle color6\"><\/i><a  href=\"#mehr-erfahren\" class=\"\" target=\"_self\"> mehr erfahren<\/a>\n\n<\/div>\n<\/div>\n<\/div>\n<\/div><div  data-label=\"AusFluege\" data-id=\"content-image-right-1\" data-category=\"content\" class=\"content-right-image-section content-image-right-1\" id=\"ausfluege\" style=\"background-color: #ffffff; background-image: none;\" data-ovid=\"ovid-content-1-203\">\n<div  class=\"gridContainer\">\n<div  class=\"content-right-image-gridcol\">\n<div  class=\"content-right-image-textcol dynamic-color\" data-type=\"column\">\n<h2  class=\"\">Aus-Fl\u00fcge<\/h2>\n<p  class=\"\">Das kann der individuelle Tagestrip an den Bodensee sein, ins Allg\u00e4u, oder mal schnell nach Frankreich r\u00fcber.\nHoch im Kurs stehen aber auch Vereinsausfl\u00fcge. Zwei Tage voller Flugspa\u00df und Entdeckungen, mit gutem Essen und interessanten Gespr\u00e4chen \u2013 sch\u00f6ner kann man ein Wochenende kaum verbringen.\nGemeinsam fliegen hei\u00dft, gemeinsam genie\u00dfen. Ob Alpen\u00fcberquerung oder Kaffeepause auf einem kleinen franz\u00f6sischen Flugplatz \u2013 unsere Ausfl\u00fcge verbinden das Beste aus Fliegerei, Teamgeist und Fernweh. Pack die Tasche und flieg mit uns!<\/p>\n\n<\/div>\n<div  class=\"content-right-image-imgcol\" data-type=\"column\">\n\n<img  decoding=\"async\" src=\"https:\/\/fsv1910.org\/wp-content\/uploads\/Prag.jpg\" class=\"\" alt=\"\">\n<p  class=\"\">Vereinsausflug nach Prag<\/p>\n\n<\/div>\n<\/div>\n<\/div>\n<\/div><div  data-label=\"Alpenflug\" data-id=\"about-image-section-pro-1\" data-category=\"about\" class=\"about-image-section-pro about-image-section-pro-1\" id=\"alpenflug-1\" style=\"background-color: #ffffff; background-image: none;\" data-ovid=\"ovid-about-us-1-543\">\n<div  class=\"gridContainer\">\n<div  class=\"row about-image-gridcol-pro\">\n<div  class=\"about-image-textcol-pro\" data-type=\"column\">\n<h2  class=\"\">Alpenflug<\/h2>\n<\/div>\n<div  data-type=\"column\" class=\"\">\n\n<img  decoding=\"async\" class=\"about-image-img-pro\" src=\"https:\/\/fsv1910.org\/wp-content\/uploads\/Alpen.jpg\" alt=\"\">\n\n\n<p  style=\"padding-left: 15px; padding-right: 15px;\" class=\"\">\n<br >Alpenfl\u00fcge sind unvergesslich. Sie sind fliegerisch anspruchsvoll und extrem wetterabh\u00e4ngig. Doch wer bei guten Bedingungen den Sprung ins Gebirge wagt, wird mit spektakul\u00e4ren Ausblicken belohnt: Die majest\u00e4tische Zugspitze (2.996 m), das gewaltige Dreigestirn aus Eiger, M\u00f6nch und Jungfrau im Berner Oberland, oder das ikonische Matterhorn im Wallis mit stolzen 4.478 m. Von unserem Heimatflughafen aus erreichst Du die Zugspitze in rund 1,5 Stunden \u2013 das Matterhorn in etwa 2,5 Stunden. Klingt spannend? Unsere erfahrenen Fluglehrer weisen dich gerne in die Kunst des Alpenflugs ein.<\/p><\/div>\n<\/div>\n<\/div>\n<\/div><div  data-label=\"Fernweh\" data-id=\"content-image-right\" data-category=\"content\" class=\"content-right-image-section content-image-right\" id=\"fernweh\" style=\"background-color: rgb(255, 255, 255); background-image: none;\" data-ovid=\"ovid-content-4-742\"> <div  class=\"gridContainer\"> <div  class=\"content-right-image-gridcol\"> <div  class=\"content-right-image-textcol dynamic-color\" data-type=\"column\"> <h2  class=\"\">Fernweh<\/h2> <p  class=\"\"><span  style=\"font-weight: 400;\">Du tr\u00e4umst davon, Europa aus der Luft zu entdecken \u2013 und noch weiter zu fliegen? Immer wieder starten einige unserer Mitglieder zu spektakul\u00e4ren Flugreisen ins Ausland. Ob Skandinavien, der Balkan, Marokko, England oder das Baltikum \u2013 mit unseren Maschinen sind ferne Ziele kein Wunschtraum. Nat\u00fcrlich erfordern solche Touren eine sorgf\u00e4ltige Vorbereitung und Zeit. F\u00fcr einen Flug zum Nordkap musst Du rund 16 Stunden einplanen, zu den Kanaren etwa 10. Aber diese Reisen werden zu unvergesslichen Erlebnissen und zeigen, wie grenzenlos sch\u00f6n Fliegen sein kann.<\/span><\/p>  <\/div> <div  class=\"content-right-image-imgcol\" data-type=\"column\"> <img  decoding=\"async\" src=\"https:\/\/fsv1910.org\/wp-content\/uploads\/tromsoe.jpg\" class=\"\" alt=\"\"> <p  class=\"\">Tromsoe \/ Norwegen<\/p><\/div> <\/div> <\/div> <\/div><div  data-label=\"Trainingsfluege\" data-id=\"content-image-right-7\" data-category=\"content\" class=\"content-right-image-section content-image-right-7\" id=\"trainingsfluege\" style=\"background-color: #ffffff; background-image: none;\" data-ovid=\"ovid-trainingsfluege-1147\">\n<div  class=\"gridContainer\">\n<div  class=\"content-right-image-gridcol\">\n<div  class=\"content-right-image-textcol dynamic-color\" data-type=\"column\">\n<h2  class=\"\">Trainingsfl\u00fcge<\/h2>\n<p  class=\"\">Fliegen hei\u00dft auch: Dranbleiben und dazulernen.\nDenn nur wer regelm\u00e4\u00dfig trainiert, bleibt sicher in der Luft. \u00dcbung macht den Meister und sorgt f\u00fcr die n\u00f6tige Routine, die Dich bei jedem Flug souver\u00e4n handeln l\u00e4sst.\n<br ><br >Fliegerisch fit zu bleiben beginnt mit der kleinsten Einheit, der Platzrunde. Die kannst Du an unserem Heimatflughafen <a  href=\"https:\/\/www.baden-airpark.de\/passagiere-besucher\/luftfahrt\/piloteninfo\" target=\"_blank\" class=\"\">Karlsruhe\/Baden-Baden<\/a> (EDSB) absolvieren, oder an benachbarten Pl\u00e4tzen wie Lahr oder Speyer. Dann ist sogar noch ein kurzer Reiseflug inklusive.<\/p>\n\n\n<\/div>\n<div  class=\"content-right-image-imgcol\" data-type=\"column\">\n\n<img  decoding=\"async\" src=\"https:\/\/fsv1910.org\/wp-content\/uploads\/edsbx.jpg\" class=\"\">\n<p  class=\"\">Flughafen Karlsruhe \/ Baden-Baden (EDSB)<\/p>\n\n<\/div>\n<\/div>\n<\/div>\n<\/div><div  data-label=\"mehr erfahren\" data-id=\"content-image-left-8\" data-category=\"content\" class=\"content-left-image-section content-image-left-8\" id=\"mehr-erfahren\" style=\"background-color: #ffffff; background-image: none;\" data-ovid=\"ovid-mehr-erfahren-1259\">\n<div  class=\"gridContainer\">\n<div  class=\"row\">\n<div  class=\"content-left-image-imgcol\" data-type=\"column\"><img  decoding=\"async\" src=\"https:\/\/fsv1910.org\/wp-content\/uploads\/FSV1910_Logo.png\" class=\"\" alt=\"\"><\/div>\n<div  class=\"content-left-image-textcol dynamic-color\" data-type=\"column\">\n<h2  class=\"\"><span  style=\"font-weight: 300;\">Dein Weg zu uns<\/span><\/h2>\n<ul  style=\"list-style-type: square;\" class=\"\"><li >Du m\u00f6chtest unseren Verein n\u00e4her kennenlernen?<\/li><li >Dich interessiert unsere attraktive Flugzeugflotte?<\/li><li >Du m\u00f6chtest mal reinschnuppern und mitfliegen?<\/li><li >Du willst bei uns fliegen lernen?<\/li><\/ul>\n<center  class=\"\">Wir informieren dich gern:<br ><br >\n<a  class=\"button small no-shadow color1\" href=\"https:\/\/fsv1910.org?page_id=530\" target=\"_self\" data-icon=\"\">Kontakt<\/a><\/center>\n\n\n<br  class=\"\">Du kannst uns auch gerne besuchen. Bitte vorher einen Termin vereinbaren.<br  class=\"\">\n<i  class=\"fa cp-icon fa6 fa-map-marker color6\"><\/i><a  href=\"https:\/\/maps.app.goo.gl\/sE26wDZMkZEBStDy9\" class=\"\" target=\"_blank\"> Hier findest Du uns (Google Maps)<\/a>\n\n<\/div>\n<\/div>\n<\/div>\n<\/div>","protected":false},"excerpt":{"rendered":"<p>Fliegen! \u2013 Erlebe die Welt von oben Bei uns ist Abwechslung garantiert. Hier triffst Du auf Pilotinnen und Piloten mit den unterschiedlichsten fliegerischen Leidenschaften. Und falls Du die sportliche Herausforderung suchst: Eine Reihe von spannenden Wettbewerben warten auf dich. Feldberg \/ Schwarzwald Viele Fl\u00fcge unserer Mitglieder sind Genussfl\u00fcge \u2013 einfach so, zum Spa\u00df. Manchmal gen\u00fcgt&hellip; <br \/> <a class=\"button small blue\" href=\"https:\/\/fsv1910.org\/?page_id=2186\">Weiterlesen<\/a><\/p>\n","protected":false},"author":134,"featured_media":2674,"parent":0,"menu_order":2,"comment_status":"closed","ping_status":"closed","template":"full-width-page.php","meta":{"footnotes":""},"class_list":["post-2186","page","type-page","status-publish","has-post-thumbnail","hentry"],"yoast_head":"<!-- This site is optimized with the Yoast SEO plugin v27.4 - https:\/\/yoast.com\/product\/yoast-seo-wordpress\/ -->\n<title>Fliegen &#8211; FSV 1910 Karlsruhe e.V<\/title>\n<meta name=\"robots\" content=\"index, follow, max-snippet:-1, max-image-preview:large, max-video-preview:-1\" \/>\n<link rel=\"canonical\" href=\"https:\/\/fsv1910.org\/?page_id=2186\" \/>\n<meta property=\"og:locale\" content=\"de_DE\" \/>\n<meta property=\"og:type\" content=\"article\" \/>\n<meta property=\"og:title\" content=\"Fliegen &#8211; FSV 1910 Karlsruhe e.V\" \/>\n<meta property=\"og:description\" content=\"Fliegen! \u2013 Erlebe die Welt von oben Bei uns ist Abwechslung garantiert. Hier triffst Du auf Pilotinnen und Piloten mit den unterschiedlichsten fliegerischen Leidenschaften. Und falls Du die sportliche Herausforderung suchst: Eine Reihe von spannenden Wettbewerben warten auf dich. Feldberg \/ Schwarzwald Viele Fl\u00fcge unserer Mitglieder sind Genussfl\u00fcge \u2013 einfach so, zum Spa\u00df. Manchmal gen\u00fcgt&hellip; Weiterlesen\" \/>\n<meta property=\"og:url\" content=\"https:\/\/fsv1910.org\/?page_id=2186\" \/>\n<meta property=\"og:site_name\" content=\"FSV 1910 Karlsruhe e.V\" \/>\n<meta property=\"article:modified_time\" content=\"2026-03-16T12:05:28+00:00\" \/>\n<meta property=\"og:image\" content=\"https:\/\/fsv1910.org\/wp-content\/uploads\/header_fliegen-e1753172442207.jpg\" \/>\n\t<meta property=\"og:image:width\" content=\"1920\" \/>\n\t<meta property=\"og:image:height\" content=\"900\" \/>\n\t<meta property=\"og:image:type\" content=\"image\/jpeg\" \/>\n<meta name=\"twitter:card\" content=\"summary_large_image\" \/>\n<meta name=\"twitter:label1\" content=\"Gesch\u00e4tzte Lesezeit\" \/>\n\t<meta name=\"twitter:data1\" content=\"3\u00a0Minuten\" \/>\n<script type=\"application\/ld+json\" class=\"yoast-schema-graph\">{\"@context\":\"https:\\\/\\\/schema.org\",\"@graph\":[{\"@type\":\"WebPage\",\"@id\":\"https:\\\/\\\/fsv1910.org\\\/?page_id=2186\",\"url\":\"https:\\\/\\\/fsv1910.org\\\/?page_id=2186\",\"name\":\"Fliegen &#8211; FSV 1910 Karlsruhe e.V\",\"isPartOf\":{\"@id\":\"https:\\\/\\\/fsv1910.org\\\/#website\"},\"primaryImageOfPage\":{\"@id\":\"https:\\\/\\\/fsv1910.org\\\/?page_id=2186#primaryimage\"},\"image\":{\"@id\":\"https:\\\/\\\/fsv1910.org\\\/?page_id=2186#primaryimage\"},\"thumbnailUrl\":\"https:\\\/\\\/fsv1910.org\\\/wp-content\\\/uploads\\\/header_fliegen-e1753172442207.jpg\",\"datePublished\":\"2025-07-10T20:01:31+00:00\",\"dateModified\":\"2026-03-16T12:05:28+00:00\",\"breadcrumb\":{\"@id\":\"https:\\\/\\\/fsv1910.org\\\/?page_id=2186#breadcrumb\"},\"inLanguage\":\"de\",\"potentialAction\":[{\"@type\":\"ReadAction\",\"target\":[\"https:\\\/\\\/fsv1910.org\\\/?page_id=2186\"]}]},{\"@type\":\"ImageObject\",\"inLanguage\":\"de\",\"@id\":\"https:\\\/\\\/fsv1910.org\\\/?page_id=2186#primaryimage\",\"url\":\"https:\\\/\\\/fsv1910.org\\\/wp-content\\\/uploads\\\/header_fliegen-e1753172442207.jpg\",\"contentUrl\":\"https:\\\/\\\/fsv1910.org\\\/wp-content\\\/uploads\\\/header_fliegen-e1753172442207.jpg\",\"width\":1920,\"height\":900},{\"@type\":\"BreadcrumbList\",\"@id\":\"https:\\\/\\\/fsv1910.org\\\/?page_id=2186#breadcrumb\",\"itemListElement\":[{\"@type\":\"ListItem\",\"position\":1,\"name\":\"Startseite\",\"item\":\"https:\\\/\\\/fsv1910.org\\\/\"},{\"@type\":\"ListItem\",\"position\":2,\"name\":\"Fliegen\"}]},{\"@type\":\"WebSite\",\"@id\":\"https:\\\/\\\/fsv1910.org\\\/#website\",\"url\":\"https:\\\/\\\/fsv1910.org\\\/\",\"name\":\"FSV 1910 Karlsruhe Motorflug\",\"description\":\"Abteilung Motorflug\",\"publisher\":{\"@id\":\"https:\\\/\\\/fsv1910.org\\\/#organization\"},\"potentialAction\":[{\"@type\":\"SearchAction\",\"target\":{\"@type\":\"EntryPoint\",\"urlTemplate\":\"https:\\\/\\\/fsv1910.org\\\/?s={search_term_string}\"},\"query-input\":{\"@type\":\"PropertyValueSpecification\",\"valueRequired\":true,\"valueName\":\"search_term_string\"}}],\"inLanguage\":\"de\"},{\"@type\":\"Organization\",\"@id\":\"https:\\\/\\\/fsv1910.org\\\/#organization\",\"name\":\"FSV 1910 Karlsruhe Motorflug\",\"url\":\"https:\\\/\\\/fsv1910.org\\\/\",\"logo\":{\"@type\":\"ImageObject\",\"inLanguage\":\"de\",\"@id\":\"https:\\\/\\\/fsv1910.org\\\/#\\\/schema\\\/logo\\\/image\\\/\",\"url\":\"https:\\\/\\\/fsv1910.org\\\/wp-content\\\/uploads\\\/2025-07-07-final-black.png\",\"contentUrl\":\"https:\\\/\\\/fsv1910.org\\\/wp-content\\\/uploads\\\/2025-07-07-final-black.png\",\"width\":1558,\"height\":534,\"caption\":\"FSV 1910 Karlsruhe Motorflug\"},\"image\":{\"@id\":\"https:\\\/\\\/fsv1910.org\\\/#\\\/schema\\\/logo\\\/image\\\/\"}}]}<\/script>\n<!-- \/ Yoast SEO plugin. -->","yoast_head_json":{"title":"Fliegen &#8211; FSV 1910 Karlsruhe e.V","robots":{"index":"index","follow":"follow","max-snippet":"max-snippet:-1","max-image-preview":"max-image-preview:large","max-video-preview":"max-video-preview:-1"},"canonical":"https:\/\/fsv1910.org\/?page_id=2186","og_locale":"de_DE","og_type":"article","og_title":"Fliegen &#8211; FSV 1910 Karlsruhe e.V","og_description":"Fliegen! \u2013 Erlebe die Welt von oben Bei uns ist Abwechslung garantiert. Hier triffst Du auf Pilotinnen und Piloten mit den unterschiedlichsten fliegerischen Leidenschaften. Und falls Du die sportliche Herausforderung suchst: Eine Reihe von spannenden Wettbewerben warten auf dich. Feldberg \/ Schwarzwald Viele Fl\u00fcge unserer Mitglieder sind Genussfl\u00fcge \u2013 einfach so, zum Spa\u00df. Manchmal gen\u00fcgt&hellip; Weiterlesen","og_url":"https:\/\/fsv1910.org\/?page_id=2186","og_site_name":"FSV 1910 Karlsruhe e.V","article_modified_time":"2026-03-16T12:05:28+00:00","og_image":[{"width":1920,"height":900,"url":"https:\/\/fsv1910.org\/wp-content\/uploads\/header_fliegen-e1753172442207.jpg","type":"image\/jpeg"}],"twitter_card":"summary_large_image","twitter_misc":{"Gesch\u00e4tzte Lesezeit":"3\u00a0Minuten"},"schema":{"@context":"https:\/\/schema.org","@graph":[{"@type":"WebPage","@id":"https:\/\/fsv1910.org\/?page_id=2186","url":"https:\/\/fsv1910.org\/?page_id=2186","name":"Fliegen &#8211; FSV 1910 Karlsruhe e.V","isPartOf":{"@id":"https:\/\/fsv1910.org\/#website"},"primaryImageOfPage":{"@id":"https:\/\/fsv1910.org\/?page_id=2186#primaryimage"},"image":{"@id":"https:\/\/fsv1910.org\/?page_id=2186#primaryimage"},"thumbnailUrl":"https:\/\/fsv1910.org\/wp-content\/uploads\/header_fliegen-e1753172442207.jpg","datePublished":"2025-07-10T20:01:31+00:00","dateModified":"2026-03-16T12:05:28+00:00","breadcrumb":{"@id":"https:\/\/fsv1910.org\/?page_id=2186#breadcrumb"},"inLanguage":"de","potentialAction":[{"@type":"ReadAction","target":["https:\/\/fsv1910.org\/?page_id=2186"]}]},{"@type":"ImageObject","inLanguage":"de","@id":"https:\/\/fsv1910.org\/?page_id=2186#primaryimage","url":"https:\/\/fsv1910.org\/wp-content\/uploads\/header_fliegen-e1753172442207.jpg","contentUrl":"https:\/\/fsv1910.org\/wp-content\/uploads\/header_fliegen-e1753172442207.jpg","width":1920,"height":900},{"@type":"BreadcrumbList","@id":"https:\/\/fsv1910.org\/?page_id=2186#breadcrumb","itemListElement":[{"@type":"ListItem","position":1,"name":"Startseite","item":"https:\/\/fsv1910.org\/"},{"@type":"ListItem","position":2,"name":"Fliegen"}]},{"@type":"WebSite","@id":"https:\/\/fsv1910.org\/#website","url":"https:\/\/fsv1910.org\/","name":"FSV 1910 Karlsruhe Motorflug","description":"Abteilung Motorflug","publisher":{"@id":"https:\/\/fsv1910.org\/#organization"},"potentialAction":[{"@type":"SearchAction","target":{"@type":"EntryPoint","urlTemplate":"https:\/\/fsv1910.org\/?s={search_term_string}"},"query-input":{"@type":"PropertyValueSpecification","valueRequired":true,"valueName":"search_term_string"}}],"inLanguage":"de"},{"@type":"Organization","@id":"https:\/\/fsv1910.org\/#organization","name":"FSV 1910 Karlsruhe Motorflug","url":"https:\/\/fsv1910.org\/","logo":{"@type":"ImageObject","inLanguage":"de","@id":"https:\/\/fsv1910.org\/#\/schema\/logo\/image\/","url":"https:\/\/fsv1910.org\/wp-content\/uploads\/2025-07-07-final-black.png","contentUrl":"https:\/\/fsv1910.org\/wp-content\/uploads\/2025-07-07-final-black.png","width":1558,"height":534,"caption":"FSV 1910 Karlsruhe Motorflug"},"image":{"@id":"https:\/\/fsv1910.org\/#\/schema\/logo\/image\/"}}]}},"_links":{"self":[{"href":"https:\/\/fsv1910.org\/index.php?rest_route=\/wp\/v2\/pages\/2186","targetHints":{"allow":["GET"]}}],"collection":[{"href":"https:\/\/fsv1910.org\/index.php?rest_route=\/wp\/v2\/pages"}],"about":[{"href":"https:\/\/fsv1910.org\/index.php?rest_route=\/wp\/v2\/types\/page"}],"author":[{"embeddable":true,"href":"https:\/\/fsv1910.org\/index.php?rest_route=\/wp\/v2\/users\/134"}],"replies":[{"embeddable":true,"href":"https:\/\/fsv1910.org\/index.php?rest_route=%2Fwp%2Fv2%2Fcomments&post=2186"}],"version-history":[{"count":99,"href":"https:\/\/fsv1910.org\/index.php?rest_route=\/wp\/v2\/pages\/2186\/revisions"}],"predecessor-version":[{"id":4834,"href":"https:\/\/fsv1910.org\/index.php?rest_route=\/wp\/v2\/pages\/2186\/revisions\/4834"}],"wp:featuredmedia":[{"embeddable":true,"href":"https:\/\/fsv1910.org\/index.php?rest_route=\/wp\/v2\/media\/2674"}],"wp:attachment":[{"href":"https:\/\/fsv1910.org\/index.php?rest_route=%2Fwp%2Fv2%2Fmedia&parent=2186"}],"curies":[{"name":"wp","href":"https:\/\/api.w.org\/{rel}","templated":true}]}}