{"id":2202,"date":"2025-07-10T22:11:29","date_gmt":"2025-07-10T20:11:29","guid":{"rendered":"https:\/\/fsv1910.org\/?page_id=2202"},"modified":"2026-01-22T23:40:03","modified_gmt":"2026-01-22T22:40:03","slug":"untitled-page-2025-07-10-201136","status":"publish","type":"page","link":"https:\/\/fsv1910.org\/?page_id=2202","title":{"rendered":"Flotte"},"content":{"rendered":"<div  data-label=\"Features\" data-id=\"features-square-image-section\" data-category=\"features\" class=\"features-square-image-section\" id=\"features-7\" style=\"background-color: #ffffff; background-image: none;\" data-ovid=\"ovid-features-7-518\">\n<div  class=\"dynamic-color gridContainer\">\n<div  class=\"features-square-image-textrow\">\n<div  class=\"features-square-image-textcol\" data-type=\"column\">\n<h2  class=\"\"><span  style=\"font-weight: 400;\">Unsere Flotte verleiht dir Fl\u00fcgel<\/span><\/h2>\n<p  class=\"\">Hier findest Du Informationen zu unserer Flotte. Diese Maschinen stehen Pilotinnen und Piloten des Vereins zur Verf\u00fcgung. Professionelle Wartung und st\u00e4ndige Modernisierung geh\u00f6ren f\u00fcr uns dazu. Damit sind wir f\u00fcr <a  href=\"https:\/\/fsv1910.org?page_id=156\">Schulung<\/a> und fliegerische <a  href=\"https:\/\/fsv1910.org?page_id=2186\" data-mce-selected=\"inline-boundary\">Highlights<\/a> bestens aufgestellt.&nbsp;<\/p>\n\n<\/div>\n<\/div>\n<div  class=\"features-square-image-innerrow\" data-type=\"row\">\n<div  class=\"features-square-image-featcol cp6cols-tablet cp4cols\"><a  href=\"#\" class=\"\" target=\"_self\" data-reiki-hidden=\"true\"><i  class=\"font-icon-22 fa fa-arrow-circle-right color8\" data-cp-fa=\"true\"><\/i>&nbsp;learn more<\/a><\/div>\n<\/div>\n<\/div>\n<\/div><div  data-label=\"Overlapable\" data-id=\"stripped-features-image-cards-section\" data-category=\"overlapable\" data-=\"\" class=\"features-image-cards-section stripped-features-image-cards-section\" data-overlap=\"true\" id=\"overlapable-3\" style=\"background-color: #ffffff; background-image: none;\" data-ovid=\"ovid-overlapable-3-180\">\n<div  class=\"gridContainer\">\n<div  class=\"features-image-cards-innerrow flexbox-list\" data-type=\"row\">\n<div  class=\"features-image-cards-cardcol cp4cols cp6cols-tablet\">\n<div  class=\"features-image-cards-cardrow\">\n\n<img  decoding=\"async\" class=\"features-image-cards-featimg\" src=\"https:\/\/fsv1910.org\/wp-content\/uploads\/D-EAMX_1.jpg\" alt=\"\">\n<div  class=\"features-image-cards-cardtextrow\" data-type=\"column\">\n<h4  class=\"\"><span  style=\"font-weight: 500;\"><span  style=\"font-weight: 600;\">D-EAMX | Diamond DA 40 TDI<\/span><span  id=\"_mce_caret\" data-mce-bogus=\"1\" data-mce-type=\"format-caret\"><span  style=\"font-weight: 600;\">\ufeff<\/span><\/span><\/span><\/h4>\n<i  class=\"fa cp-icon fa6 fa-plane color6\"><\/i><a  href=\"#content-3\" class=\"\" target=\"_self\"> mehr<\/a>\n\n<\/div>\n<\/div>\n<\/div>\n<div  class=\"features-image-cards-cardcol cp4cols cp6cols-tablet\">\n<div  class=\"features-image-cards-cardrow\">\n\n<img  decoding=\"async\" class=\"features-image-cards-featimg\" src=\"https:\/\/fsv1910.org\/wp-content\/uploads\/D-EFAB_neu.jpg\" alt=\"\">\n<div  class=\"features-image-cards-cardtextrow\" data-type=\"column\">\n<h4  class=\"\">D-EFAB | Diamond DA 40 TDI<\/h4>\n<i  class=\"fa cp-icon fa6 fa-plane color6\"><\/i><a  href=\"#content-1\" class=\"\" target=\"_self\"> mehr<\/a>\n\n<\/div>\n<\/div>\n<\/div>\n<div  class=\"features-image-cards-cardcol cp4cols cp6cols-tablet\">\n<div  class=\"features-image-cards-cardrow\">\n\n<img  decoding=\"async\" class=\"features-image-cards-featimg\" src=\"https:\/\/fsv1910.org\/wp-content\/uploads\/DEELL_neu.jpg\" alt=\"\">\n<div  class=\"features-image-cards-cardtextrow\" data-type=\"column\">\n<h4  class=\"\">D-EELL | Diamond DA 40 TDI<\/h4>\n<i  class=\"fa cp-icon fa6 fa-plane color6\"><\/i><a  href=\"#content-2\" class=\"\" target=\"_self\"> mehr<\/a>\n\n<\/div>\n<\/div>\n<\/div>\n<div  class=\"features-image-cards-cardcol cp4cols cp6cols-tablet\">\n<div  class=\"features-image-cards-cardrow\">\n\n<img  decoding=\"async\" class=\"features-image-cards-featimg\" src=\"https:\/\/fsv1910.org\/wp-content\/uploads\/D-EAEX.jpg\" alt=\"\">\n<div  class=\"features-image-cards-cardtextrow\" data-type=\"column\">\n<h4  class=\"\">D-EAEX | Cessna 172 TDI<\/h4>\n<i  class=\"fa cp-icon fa6 fa-plane color6\"><\/i><a  href=\"#content-4\" class=\"\" target=\"_self\"> mehr<\/a>\n\n<\/div>\n<\/div>\n<\/div>\n<div  class=\"features-image-cards-cardcol cp4cols cp6cols-tablet\">\n<div  class=\"features-image-cards-cardrow\">\n\n<img  decoding=\"async\" class=\"features-image-cards-featimg\" src=\"https:\/\/fsv1910.org\/wp-content\/uploads\/D-EORC_1.jpg\" alt=\"\">\n<div  class=\"features-image-cards-cardtextrow\" data-type=\"column\">\n<h4  class=\"\">D-EORC | Piper Archer 28<\/h4>\n<i  class=\"fa cp-icon fa6 fa-plane color6\"><\/i><a  href=\"#content-5\" class=\"\" target=\"_self\"> mehr<\/a>\n\n<\/div>\n<\/div>\n<\/div>\n<\/div>\n<\/div>\n<\/div><div  data-label=\"Content\" data-id=\"content-image-left\" data-category=\"content\" class=\"content-left-image-section content-image-left\" id=\"content-3\" style=\"background-color: #ffffff; background-image: none;\" data-ovid=\"ovid-content-3-735\">\n<div  class=\"gridContainer\">\n<div  class=\"row\">\n<div  class=\"content-left-image-imgcol\" data-type=\"column\"><img  decoding=\"async\" src=\"https:\/\/fsv1910.org\/wp-content\/uploads\/D-EAMX_mit_Cockpit_neu.jpg\" class=\"\" alt=\"\"><\/div>\n<div  class=\"content-left-image-textcol dynamic-color\" data-type=\"column\">\n<h2  class=\"\"><span  style=\"font-weight: 300;\">D-EAMX | DA 40 TDI<\/span><\/h2>\n<p  class=\"\">Modernes Hochleistungs-Reiseflugzeug von Diamond Aircraft. Continental CD 155 Turbodiesel-Triebwerk. Autopilot. Glascockpit von Garmin. IFR zugelassen.<\/p>\n\n<ul  class=\"\"><li >Sitzpl\u00e4tze: 4<\/li><li >Automatischer Verstellpropeller<\/li><li >Leistung (MSL): 155 PS<\/li><li >Treibstoff: Diesel\/Jet-A1<\/li><li >Verbrauch: ca. 25l\/h<\/li><li >Tankinhalt: 106 l<\/li><li >Reisegeschwindigkeit: 140 kt (260 km\/h)<\/li><li >Dienstgipfelh\u00f6he: 18.000 ft (5.400 m)<\/li><li >Leermasse: 834 kg<\/li><li >Max. Abflugmasse: 1150 kg<\/li><\/ul>\n<i  class=\"fa cp-icon fa6 fa-arrow-circle-up color6\"><\/i> <a  href=\"#features-7\" class=\"\" target=\"_self\"> zur\u00fcck zur \u00dcbersicht<\/a>\n\n<\/div>\n<\/div>\n<\/div>\n<\/div><div  data-label=\"Content\" data-id=\"content-image-left-1\" data-category=\"content\" class=\"content-left-image-section content-image-left-1\" id=\"content-1\" style=\"background-color: #ffffff; background-image: none;\" data-ovid=\"ovid-content-1-117\">\n<div  class=\"gridContainer\">\n<div  class=\"row\">\n<div  class=\"content-left-image-imgcol\" data-type=\"column\"><img  decoding=\"async\" src=\"https:\/\/fsv1910.org\/wp-content\/uploads\/D-EFAB_mit_Cockpit.jpg\" class=\"\" alt=\"\"><\/div>\n<div  class=\"content-left-image-textcol dynamic-color\" data-type=\"column\">\n<h2  class=\"\"><span  style=\"font-weight: 300;\">D-EFAB | DA 40 TDI<\/span><\/h2>\n<p  class=\"\">Modernes Hochleistungs-Reiseflugzeug von Diamond Aircraft. Continental CD 155 Turbodiesel-Triebwerk. Langstreckentanks und Autopilot. IFR zugelassen.<\/p>\n\n<ul  class=\"\"><li >Sitzpl\u00e4tze: 4<\/li><li >Automatischer Verstellpropeller<\/li><li >Leistung (MSL): 155 PS<\/li><li >Treibstoff: Diesel\/Jet-A1<\/li><li >Verbrauch: ca. 25l\/h<\/li><li >Tankinhalt: 150 l<\/li><li >Reisegeschwindigkeit: 140 kt (260 km\/h)<\/li><li >Dienstgipfelh\u00f6he: 18.000 ft (5.400 m)<\/li><li >Leermasse: 822 kg<\/li><li >Max. Abflugmasse: 1150 kg<\/li><\/ul>\n<i  class=\"fa cp-icon fa6 fa-arrow-circle-up color6\"><\/i><a  href=\"#features-7\" class=\"\" target=\"_self\"> zur\u00fcck zur \u00dcbersicht<\/a>\n\n<\/div>\n<\/div>\n<\/div>\n<\/div><div  data-label=\"Content\" data-id=\"content-image-left-2\" data-category=\"content\" class=\"content-left-image-section content-image-left-2\" id=\"content-2\" style=\"background-color: #ffffff; background-image: none;\" data-ovid=\"ovid-content-2-858\">\n<div  class=\"gridContainer\">\n<div  class=\"row\">\n<div  class=\"content-left-image-imgcol\" data-type=\"column\"><img  decoding=\"async\" src=\"https:\/\/fsv1910.org\/wp-content\/uploads\/D-EEELL_mit_Cockpit.jpg\" class=\"\" alt=\"\"><\/div>\n<div  class=\"content-left-image-textcol dynamic-color\" data-type=\"column\">\n<h2  class=\"\"><span  style=\"font-weight: 300;\">D-EELL | DA 40 TDI<\/span><\/h2>\n<p  class=\"\">Modernes Hochleistungs-Reiseflugzeug von Diamond Aircraft. Continental CD 155 Turbodiesel-Triebwerk.<\/p>\n\n<ul  class=\"\"><li >Sitzpl\u00e4tze: 4<\/li><li >Automatischer Verstellpropeller<\/li><li >Leistung (MSL): 155 PS<\/li><li >Treibstoff: Diesel\/Jet-A1<\/li><li >Verbrauch: ca. 25l\/h<\/li><li >Tankinhalt: 106 l<\/li><li >Reisegeschwindigkeit: 140 kt (260 km\/h)<\/li><li >Dienstgipfelh\u00f6he: 18.000 ft (5.400 m)<\/li><li >Leermasse: 801 kg<\/li><li >Max. Abflugmasse: 1150 kg<\/li><\/ul>\n<i  class=\"fa cp-icon fa6 fa-arrow-circle-up color6\"><\/i><a  href=\"#features-7\" class=\"\" target=\"_self\"> zur\u00fcck zur \u00dcbersicht<\/a>\n\n<\/div>\n<\/div>\n<\/div>\n<\/div><div  data-label=\"Content\" data-id=\"content-image-left-3\" data-category=\"content\" class=\"content-left-image-section content-image-left-3\" id=\"content-4\" style=\"background-color: #ffffff; background-image: none;\" data-ovid=\"ovid-content-4-4115\">\n<div  class=\"gridContainer\">\n<div  class=\"row\">\n<div  class=\"content-left-image-imgcol\" data-type=\"column\"><img  decoding=\"async\" src=\"https:\/\/fsv1910.org\/wp-content\/uploads\/D-EAEX_mit_Cockpit.jpg\" class=\"\" alt=\"\"><\/div>\n<div  class=\"content-left-image-textcol dynamic-color\" data-type=\"column\">\n<h2  class=\"\"><span  style=\"font-weight: 300;\">D-EAEX | Cessna 172<\/span><\/h2>\n<p  class=\"\">Klassisches Schul- und Reiseflugzeug in Metallbauweise. Durch Dieseltriebwerk und automatischen Verstellpropeller sehr sparsam.<\/p>\n\n<ul  class=\"\"><li >Sitzpl\u00e4tze: 4<\/li><li >Automatischer Verstellpropeller<\/li><li >Leistung (MSL): 135 PS<\/li><li >Treibstoff: Diesel\/Jet-A1<\/li><li >Verbrauch: ca. 18,5l\/h<\/li><li >Tankinhalt: 151 l<\/li><li >Reisegeschwindigkeit: 104 kt (190 km\/h)<\/li><li >Dienstgipfelh\u00f6he: 18.000 ft (5.400 m)<\/li><li >Leermasse: 690 kg<\/li><li >Max. Abflugmasse: 1043 kg<\/li><\/ul>\n<i  class=\"fa cp-icon fa6 fa-arrow-circle-up color6\"><\/i><a  href=\"#features-7\" class=\"\" target=\"_self\"> zur\u00fcck zur \u00dcbersicht<\/a>\n\n<\/div>\n<\/div>\n<\/div>\n<\/div><div  data-label=\"Content\" data-id=\"content-image-left-4\" data-category=\"content\" class=\"content-left-image-section content-image-left-4\" id=\"content-5\" style=\"background-color: #ffffff; background-image: none;\" data-ovid=\"ovid-content-5-7804\">\n<div  class=\"gridContainer\">\n<div  class=\"row\">\n<div  class=\"content-left-image-imgcol\" data-type=\"column\"><img  decoding=\"async\" class=\"custom-image\" src=\"https:\/\/fsv1910.org\/wp-content\/uploads\/D-EORC_mit_Cockpit_neu.jpg\" alt=\"\"><\/div>\n<div  class=\"content-left-image-textcol dynamic-color\" data-type=\"column\">\n<h2  class=\"\"><span  style=\"font-weight: 300;\">D-EORC | PA 28<\/span><\/h2>\n<p  class=\"\">Klassisches Reiseflugzeug in Metallbauweise. Vier Zylinder Lycoming-Triebwerk. Ein Kraftpaket f\u00fcr hohe Zuladung. Robust, zuverl\u00e4ssig, mit guten Flugeigenschaften.<\/p>\n\n<ul  class=\"\"><li >Sitzpl\u00e4tze: 4<\/li><li >Festpropeller<\/li><li >Leistung (MSL): 180 PS<\/li><li >Treibstoff: MoGas\/AvGas<\/li><li >Verbrauch: ca. 40l\/h<\/li><li >Tankinhalt: 180 l<\/li><li >Reisegeschwindigkeit: 110 kt (200 km\/h)<\/li><li >Dienstgipfelh\u00f6he: 12.000 ft (3.600 m)<\/li><li >Leermasse: 742 kg<\/li><li >Max. Abflugmasse: 1157 kg<\/li><\/ul>\n<i  class=\"fa cp-icon fa6 fa-arrow-circle-up color6\"><\/i><a  href=\"#features-7\" class=\"\" target=\"_self\"> zur\u00fcck zur \u00dcbersicht<\/a>\n\n\n<\/div>\n<\/div>\n<\/div>\n<\/div>","protected":false},"excerpt":{"rendered":"<p>Unsere Flotte verleiht dir Fl\u00fcgel Hier findest Du Informationen zu unserer Flotte. Diese Maschinen stehen Pilotinnen und Piloten des Vereins zur Verf\u00fcgung. Professionelle Wartung und st\u00e4ndige Modernisierung geh\u00f6ren f\u00fcr uns dazu. Damit sind wir f\u00fcr Schulung und fliegerische Highlights bestens aufgestellt.&nbsp; &nbsp;learn more D-EAMX | Diamond DA 40 TDI\ufeff mehr D-EFAB | Diamond DA 40&hellip; <br \/> <a class=\"button small blue\" href=\"https:\/\/fsv1910.org\/?page_id=2202\">Weiterlesen<\/a><\/p>\n","protected":false},"author":134,"featured_media":0,"parent":0,"menu_order":2,"comment_status":"closed","ping_status":"closed","template":"full-width-page.php","meta":{"footnotes":""},"class_list":["post-2202","page","type-page","status-publish","hentry"],"yoast_head":"<!-- This site is optimized with the Yoast SEO plugin v27.4 - https:\/\/yoast.com\/product\/yoast-seo-wordpress\/ -->\n<title>Flotte &#8211; FSV 1910 Karlsruhe e.V<\/title>\n<meta name=\"robots\" content=\"index, follow, max-snippet:-1, max-image-preview:large, max-video-preview:-1\" \/>\n<link rel=\"canonical\" href=\"https:\/\/fsv1910.org\/?page_id=2202\" \/>\n<meta property=\"og:locale\" content=\"de_DE\" \/>\n<meta property=\"og:type\" content=\"article\" \/>\n<meta property=\"og:title\" content=\"Flotte &#8211; FSV 1910 Karlsruhe e.V\" \/>\n<meta property=\"og:description\" content=\"Unsere Flotte verleiht dir Fl\u00fcgel Hier findest Du Informationen zu unserer Flotte. Diese Maschinen stehen Pilotinnen und Piloten des Vereins zur Verf\u00fcgung. Professionelle Wartung und st\u00e4ndige Modernisierung geh\u00f6ren f\u00fcr uns dazu. Damit sind wir f\u00fcr Schulung und fliegerische Highlights bestens aufgestellt.&nbsp; &nbsp;learn more D-EAMX | Diamond DA 40 TDI\ufeff mehr D-EFAB | Diamond DA 40&hellip; Weiterlesen\" \/>\n<meta property=\"og:url\" content=\"https:\/\/fsv1910.org\/?page_id=2202\" \/>\n<meta property=\"og:site_name\" content=\"FSV 1910 Karlsruhe e.V\" \/>\n<meta property=\"article:modified_time\" content=\"2026-01-22T22:40:03+00:00\" \/>\n<meta property=\"og:image\" content=\"https:\/\/fsv1910.org\/wp-content\/uploads\/D-EAMX_1.jpg\" \/>\n<meta name=\"twitter:card\" content=\"summary_large_image\" \/>\n<meta name=\"twitter:label1\" content=\"Gesch\u00e4tzte Lesezeit\" \/>\n\t<meta name=\"twitter:data1\" content=\"1\u00a0Minute\" \/>\n<script type=\"application\/ld+json\" class=\"yoast-schema-graph\">{\"@context\":\"https:\\\/\\\/schema.org\",\"@graph\":[{\"@type\":\"WebPage\",\"@id\":\"https:\\\/\\\/fsv1910.org\\\/?page_id=2202\",\"url\":\"https:\\\/\\\/fsv1910.org\\\/?page_id=2202\",\"name\":\"Flotte &#8211; FSV 1910 Karlsruhe e.V\",\"isPartOf\":{\"@id\":\"https:\\\/\\\/fsv1910.org\\\/#website\"},\"primaryImageOfPage\":{\"@id\":\"https:\\\/\\\/fsv1910.org\\\/?page_id=2202#primaryimage\"},\"image\":{\"@id\":\"https:\\\/\\\/fsv1910.org\\\/?page_id=2202#primaryimage\"},\"thumbnailUrl\":\"https:\\\/\\\/fsv1910.org\\\/wp-content\\\/uploads\\\/D-EAMX_1.jpg\",\"datePublished\":\"2025-07-10T20:11:29+00:00\",\"dateModified\":\"2026-01-22T22:40:03+00:00\",\"breadcrumb\":{\"@id\":\"https:\\\/\\\/fsv1910.org\\\/?page_id=2202#breadcrumb\"},\"inLanguage\":\"de\",\"potentialAction\":[{\"@type\":\"ReadAction\",\"target\":[\"https:\\\/\\\/fsv1910.org\\\/?page_id=2202\"]}]},{\"@type\":\"ImageObject\",\"inLanguage\":\"de\",\"@id\":\"https:\\\/\\\/fsv1910.org\\\/?page_id=2202#primaryimage\",\"url\":\"https:\\\/\\\/fsv1910.org\\\/wp-content\\\/uploads\\\/D-EAMX_1.jpg\",\"contentUrl\":\"https:\\\/\\\/fsv1910.org\\\/wp-content\\\/uploads\\\/D-EAMX_1.jpg\",\"width\":1920,\"height\":1280},{\"@type\":\"BreadcrumbList\",\"@id\":\"https:\\\/\\\/fsv1910.org\\\/?page_id=2202#breadcrumb\",\"itemListElement\":[{\"@type\":\"ListItem\",\"position\":1,\"name\":\"Startseite\",\"item\":\"https:\\\/\\\/fsv1910.org\\\/\"},{\"@type\":\"ListItem\",\"position\":2,\"name\":\"Flotte\"}]},{\"@type\":\"WebSite\",\"@id\":\"https:\\\/\\\/fsv1910.org\\\/#website\",\"url\":\"https:\\\/\\\/fsv1910.org\\\/\",\"name\":\"FSV 1910 Karlsruhe Motorflug\",\"description\":\"Abteilung Motorflug\",\"publisher\":{\"@id\":\"https:\\\/\\\/fsv1910.org\\\/#organization\"},\"potentialAction\":[{\"@type\":\"SearchAction\",\"target\":{\"@type\":\"EntryPoint\",\"urlTemplate\":\"https:\\\/\\\/fsv1910.org\\\/?s={search_term_string}\"},\"query-input\":{\"@type\":\"PropertyValueSpecification\",\"valueRequired\":true,\"valueName\":\"search_term_string\"}}],\"inLanguage\":\"de\"},{\"@type\":\"Organization\",\"@id\":\"https:\\\/\\\/fsv1910.org\\\/#organization\",\"name\":\"FSV 1910 Karlsruhe Motorflug\",\"url\":\"https:\\\/\\\/fsv1910.org\\\/\",\"logo\":{\"@type\":\"ImageObject\",\"inLanguage\":\"de\",\"@id\":\"https:\\\/\\\/fsv1910.org\\\/#\\\/schema\\\/logo\\\/image\\\/\",\"url\":\"https:\\\/\\\/fsv1910.org\\\/wp-content\\\/uploads\\\/2025-07-07-final-black.png\",\"contentUrl\":\"https:\\\/\\\/fsv1910.org\\\/wp-content\\\/uploads\\\/2025-07-07-final-black.png\",\"width\":1558,\"height\":534,\"caption\":\"FSV 1910 Karlsruhe Motorflug\"},\"image\":{\"@id\":\"https:\\\/\\\/fsv1910.org\\\/#\\\/schema\\\/logo\\\/image\\\/\"}}]}<\/script>\n<!-- \/ Yoast SEO plugin. -->","yoast_head_json":{"title":"Flotte &#8211; FSV 1910 Karlsruhe e.V","robots":{"index":"index","follow":"follow","max-snippet":"max-snippet:-1","max-image-preview":"max-image-preview:large","max-video-preview":"max-video-preview:-1"},"canonical":"https:\/\/fsv1910.org\/?page_id=2202","og_locale":"de_DE","og_type":"article","og_title":"Flotte &#8211; FSV 1910 Karlsruhe e.V","og_description":"Unsere Flotte verleiht dir Fl\u00fcgel Hier findest Du Informationen zu unserer Flotte. Diese Maschinen stehen Pilotinnen und Piloten des Vereins zur Verf\u00fcgung. Professionelle Wartung und st\u00e4ndige Modernisierung geh\u00f6ren f\u00fcr uns dazu. Damit sind wir f\u00fcr Schulung und fliegerische Highlights bestens aufgestellt.&nbsp; &nbsp;learn more D-EAMX | Diamond DA 40 TDI\ufeff mehr D-EFAB | Diamond DA 40&hellip; Weiterlesen","og_url":"https:\/\/fsv1910.org\/?page_id=2202","og_site_name":"FSV 1910 Karlsruhe e.V","article_modified_time":"2026-01-22T22:40:03+00:00","og_image":[{"url":"https:\/\/fsv1910.org\/wp-content\/uploads\/D-EAMX_1.jpg","type":"","width":"","height":""}],"twitter_card":"summary_large_image","twitter_misc":{"Gesch\u00e4tzte Lesezeit":"1\u00a0Minute"},"schema":{"@context":"https:\/\/schema.org","@graph":[{"@type":"WebPage","@id":"https:\/\/fsv1910.org\/?page_id=2202","url":"https:\/\/fsv1910.org\/?page_id=2202","name":"Flotte &#8211; FSV 1910 Karlsruhe e.V","isPartOf":{"@id":"https:\/\/fsv1910.org\/#website"},"primaryImageOfPage":{"@id":"https:\/\/fsv1910.org\/?page_id=2202#primaryimage"},"image":{"@id":"https:\/\/fsv1910.org\/?page_id=2202#primaryimage"},"thumbnailUrl":"https:\/\/fsv1910.org\/wp-content\/uploads\/D-EAMX_1.jpg","datePublished":"2025-07-10T20:11:29+00:00","dateModified":"2026-01-22T22:40:03+00:00","breadcrumb":{"@id":"https:\/\/fsv1910.org\/?page_id=2202#breadcrumb"},"inLanguage":"de","potentialAction":[{"@type":"ReadAction","target":["https:\/\/fsv1910.org\/?page_id=2202"]}]},{"@type":"ImageObject","inLanguage":"de","@id":"https:\/\/fsv1910.org\/?page_id=2202#primaryimage","url":"https:\/\/fsv1910.org\/wp-content\/uploads\/D-EAMX_1.jpg","contentUrl":"https:\/\/fsv1910.org\/wp-content\/uploads\/D-EAMX_1.jpg","width":1920,"height":1280},{"@type":"BreadcrumbList","@id":"https:\/\/fsv1910.org\/?page_id=2202#breadcrumb","itemListElement":[{"@type":"ListItem","position":1,"name":"Startseite","item":"https:\/\/fsv1910.org\/"},{"@type":"ListItem","position":2,"name":"Flotte"}]},{"@type":"WebSite","@id":"https:\/\/fsv1910.org\/#website","url":"https:\/\/fsv1910.org\/","name":"FSV 1910 Karlsruhe Motorflug","description":"Abteilung Motorflug","publisher":{"@id":"https:\/\/fsv1910.org\/#organization"},"potentialAction":[{"@type":"SearchAction","target":{"@type":"EntryPoint","urlTemplate":"https:\/\/fsv1910.org\/?s={search_term_string}"},"query-input":{"@type":"PropertyValueSpecification","valueRequired":true,"valueName":"search_term_string"}}],"inLanguage":"de"},{"@type":"Organization","@id":"https:\/\/fsv1910.org\/#organization","name":"FSV 1910 Karlsruhe Motorflug","url":"https:\/\/fsv1910.org\/","logo":{"@type":"ImageObject","inLanguage":"de","@id":"https:\/\/fsv1910.org\/#\/schema\/logo\/image\/","url":"https:\/\/fsv1910.org\/wp-content\/uploads\/2025-07-07-final-black.png","contentUrl":"https:\/\/fsv1910.org\/wp-content\/uploads\/2025-07-07-final-black.png","width":1558,"height":534,"caption":"FSV 1910 Karlsruhe Motorflug"},"image":{"@id":"https:\/\/fsv1910.org\/#\/schema\/logo\/image\/"}}]}},"_links":{"self":[{"href":"https:\/\/fsv1910.org\/index.php?rest_route=\/wp\/v2\/pages\/2202","targetHints":{"allow":["GET"]}}],"collection":[{"href":"https:\/\/fsv1910.org\/index.php?rest_route=\/wp\/v2\/pages"}],"about":[{"href":"https:\/\/fsv1910.org\/index.php?rest_route=\/wp\/v2\/types\/page"}],"author":[{"embeddable":true,"href":"https:\/\/fsv1910.org\/index.php?rest_route=\/wp\/v2\/users\/134"}],"replies":[{"embeddable":true,"href":"https:\/\/fsv1910.org\/index.php?rest_route=%2Fwp%2Fv2%2Fcomments&post=2202"}],"version-history":[{"count":89,"href":"https:\/\/fsv1910.org\/index.php?rest_route=\/wp\/v2\/pages\/2202\/revisions"}],"predecessor-version":[{"id":4777,"href":"https:\/\/fsv1910.org\/index.php?rest_route=\/wp\/v2\/pages\/2202\/revisions\/4777"}],"wp:attachment":[{"href":"https:\/\/fsv1910.org\/index.php?rest_route=%2Fwp%2Fv2%2Fmedia&parent=2202"}],"curies":[{"name":"wp","href":"https:\/\/api.w.org\/{rel}","templated":true}]}}