{"id":3065,"date":"2025-07-31T15:05:37","date_gmt":"2025-07-31T13:05:37","guid":{"rendered":"https:\/\/fsv1910.org\/?page_id=3065"},"modified":"2025-07-31T16:00:57","modified_gmt":"2025-07-31T14:00:57","slug":"impressum-neu","status":"publish","type":"page","link":"https:\/\/fsv1910.org\/?page_id=3065","title":{"rendered":"Impressum"},"content":{"rendered":"<div  data-label=\"About us\" data-id=\"about-image-section-pro\" data-category=\"about\" class=\"about-image-section-pro\" id=\"about-us-2\" style=\"background-color: rgb(255, 255, 255); background-image: none;\" data-ovid=\"ovid-about-us-2-116\"> <div  class=\"gridContainer\"> <div  class=\"row about-image-gridcol-pro\"> <div  class=\"about-image-textcol-pro\" data-type=\"column\"> <h2  class=\"\">Angaben gem\u00e4\u00df \u00a75 Telemedien-Gesetz (TMG)<\/h2>  <\/div> <div  data-type=\"column\" class=\"\">  <p  class=\"\"><span  style=\"font-weight: 600;\">FSV 1910 Karlsruhe e.V. \u2013 Abteilung Motorflug<\/span><br ><span  style=\"font-weight: 600;\">\nLaval Avenue E 207a<\/span><br ><span  style=\"font-weight: 600;\">\n77836 Rheinm\u00fcnster<\/span><\/p><p  class=\"\"><span  style=\"font-weight: 700;\">Vertreten durch:<\/span><br >1. Vorsitzender: Roland Helfer<br >\nAbteilungsleiter Motorflug: Andreas Vogel<br >\nAusbildungsleiter: Klaus Wegmann-Merseburger<\/p><p  class=\"\"><span  style=\"font-weight: 700;\">Kontakt<\/span><br >Telefon: +49 176 239 240 30\n<br >e-Mail: fsv.motor@web.de<\/p><p  class=\"\"><span  style=\"font-weight: 700;\">Registereintrag<\/span><br >Registergericht: Vereinsregister beim Amtsgericht Mannheim<br >\nRegisternummer: VR 100545<\/p><p  class=\"\"><span  style=\"font-weight: 700;\">Umsatzsteuer<\/span><br >Umsatzsteuer-Identifikationsnummer gem\u00e4\u00df \u00a727 a Umsatzsteuergesetz: DE143609157<\/p><p  class=\"\"><span  style=\"font-weight: 700;\">Streitschlichtung<\/span><br >Wir sind nicht bereit oder verpflichtet, an Streitbeilegungsverfahren vor einer<br >\nVerbraucherschlichtungsstelle teilzunehmen.<\/p><p  class=\"\"><span  style=\"font-weight: 700;\">Haftung f\u00fcr Inhalte<\/span><br >Als Diensteanbieter sind wir gem\u00e4\u00df \u00a7 7 Abs.1 TMG, f\u00fcr eigene Inhalte auf diesen Seiten nach den allgemeinen Gesetzen verantwortlich. Nach \u00a7\u00a7 8 bis 10 TMG sind wir als Diensteanbieter jedoch nicht verpflichtet, \u00fcbermittelte oder gespeicherte fremde Informationen zu \u00fcberwachen oder nach Umst\u00e4nden zu forschen, die auf eine rechtswidrige T\u00e4tigkeit hinweisen.<br >Verpflichtungen zur Entfernung oder Sperrung der Nutzung von Informationen nach den allgemeinen Gesetzen bleiben hiervon unber\u00fchrt. Eine diesbez\u00fcgliche Haftung ist jedoch&nbsp;erst ab dem Zeitpunkt der Kenntnis einer konkreten Rechtsverletzung m\u00f6glich. Bei Bekanntwerden&nbsp;von entsprechenden Rechtsverletzungen werden wir diese Inhalte umgehend entfernen.<\/p><p  class=\"\"><span  style=\"font-weight: 700;\">Haftung f\u00fcr Links<\/span><br >Unser Angebot enth\u00e4lt Links zu externen Websites Dritter, auf deren Inhalte wir keinen Einfluss haben. Deshalb k\u00f6nnen wir f\u00fcr diese fremden Inhalte auch&nbsp;keine Gew\u00e4hr \u00fcbernehmen. F\u00fcr die Inhalte der verlinkten Seiten ist stets der jeweilige&nbsp;Anbieter oder Betreiber der Seiten verantwortlich. Die verlinkten Seiten wurden zum Zeitpunkt der Verlinkung auf m\u00f6gliche Rechtsverst\u00f6\u00dfe \u00fcberpr\u00fcft. Rechtswidrige Inhalte waren zum Zeitpunkt der Verlinkung nicht erkennbar.<br >\nEine permanente inhaltliche Kontrolle der&nbsp;verlinkten Seiten ist jedoch ohne konkrete Anhaltspunkte einer Rechtsverletzung nicht zumutbar. Bei Bekanntwerden von Rechtsverletzungen werden wir derartige Links umgehend entfernen.<\/p><p  class=\"\"><span  style=\"font-weight: 700;\">Urheberrecht<\/span><br >Die durch die Seitenbetreiber erstellten Inhalte und Werke auf diesen Seiten unterliegen dem deutschen Urheberrecht. Die Vervielf\u00e4ltigung, Bearbeitung, Verbreitung und jede&nbsp;Art der Verwertung au\u00dferhalb der Grenzen des Urheberrechtes bed\u00fcrfen der schriftlichen&nbsp;Zustimmung des jeweiligen Autors bzw. Erstellers. Downloads und Kopien dieser Seite sind nur f\u00fcr&nbsp;den privaten, nicht kommerziellen Gebrauch gestattet.<br >\nSoweit die Inhalte auf dieser Seite nicht&nbsp;vom Betreiber erstellt wurden, werden die Urheberrechte Dritter beachtet. Insbesondere werden Inhalte&nbsp;Dritter als solche gekennzeichnet. Sollten Sie trotzdem auf eine Urheberrechtsverletzung aufmerksam werden, bitten wir um einen entsprechenden Hinweis. Bei Bekanntwerden von Rechtsverletzungen&nbsp;werden wir derartige Inhalte umgehend entfernen.<\/p><p  class=\"\"><\/p><h3  class=\"\">Datenschutzerkl\u00e4rung<\/h3><p  class=\"\"><span  style=\"font-weight: 700;\">Datenschutz&nbsp;<\/span><br >Die Betreiber dieser Seiten nehmen&nbsp;den Schutz Ihrer pers\u00f6nlichen Daten sehr ernst. Wir behandeln Ihre personenbezogenen Daten&nbsp;vertraulich und entsprechend der gesetzlichen Datenschutzvorschriften sowie dieser&nbsp;Datenschutzerkl\u00e4rung.<br >\nDie Nutzung unserer Website ist in der Regel ohne Angabe&nbsp;personenbezogener Daten m\u00f6glich. Soweit auf unseren Seiten personenbezogene Daten&nbsp;(beispielsweise Name, Anschrift oder E-Mail-Adressen) erhoben werden, erfolgt dies, soweit&nbsp;m\u00f6glich, stets auf freiwilliger Basis. Diese Daten werden ohne Ihre ausdr\u00fcckliche Zustimmung<br >\nnicht an Dritte weitergegeben.<br >\nWir weisen darauf hin, dass die Daten\u00fcbertragung im Internet&nbsp;(z.B. bei der Kommunikation per E-Mail) Sicherheitsl\u00fccken aufweisen kann. Ein l\u00fcckenloser Schutz der Daten vor dem Zugriff durch Dritte ist nicht m\u00f6glich.<\/p><p  class=\"\"><span  style=\"font-weight: 700;\">Cookies<\/span><br >Die Internetseiten verwenden teilweise so genannte Cookies. Cookies richten auf Ihrem Rechner keinen Schaden an und enthalten keine Viren. Cookies dienen dazu, unser Angebot&nbsp;nutzerfreundlicher, effektiver und sicherer zu machen. Cookies sind kleine Textdateien, die auf Ihrem&nbsp;Rechner abgelegt werden und die Ihr Browser speichert.<br >\nDie meisten der von uns verwendeten&nbsp;Cookies sind so genannte \u201eSession-Cookies\u201c. Sie werden nach Ende Ihres Besuchs automatisch&nbsp;gel\u00f6scht. Andere Cookies bleiben auf Ihrem Endger\u00e4t gespeichert, bis Sie diese l\u00f6schen.<br >\nDiese Cookies erm\u00f6glichen es uns, Ihren Browser beim n\u00e4chsten Besuch wiederzuerkennen.<br >\nSie k\u00f6nnen Ihren Browser so einstellen, dass Sie \u00fcber das Setzen von Cookies informiert werden und Cookies nur im Einzelfall erlauben, die Annahme von Cookies f\u00fcr&nbsp;bestimmte F\u00e4lle oder generell ausschlie\u00dfen sowie das automatische L\u00f6schen der&nbsp;Cookies beim Schlie\u00dfen des Browser aktivieren. Bei der Deaktivierung von Cookies kann die&nbsp;Funktionalit\u00e4t dieser Website eingeschr\u00e4nkt sein.<\/p><p  class=\"\"><span  style=\"font-weight: 700;\">Server-Logfiles<\/span><br >Der Provider der Seiten erhebt und speichert automatisch Informationen in so genannten&nbsp;Server-Log Files, die Ihr Browser automatisch an uns \u00fcbermittelt. Dies sind:<\/p><ul  class=\"\"><li >Browsertyp und Browserversion<\/li><li >verwendetes Betriebssystem<\/li><li >Referrer URL<\/li><li >Hostname des zugreifenden Rechners<\/li><li >Uhrzeit der Serveranfrage<\/li><\/ul><p  class=\"\">Diese Daten&nbsp;sind nicht bestimmten Personen zuordenbar. Eine Zusammenf\u00fchrung dieser Daten mit anderen&nbsp;Datenquellen wird nicht vorgenommen. Wir behalten uns vor, diese Daten nachtr\u00e4glich zu&nbsp;pr\u00fcfen, wenn uns konkrete Anhaltspunkte f\u00fcr eine rechtswidrige Nutzung bekannt&nbsp;werden.<\/p><p  class=\"\"><span  style=\"font-weight: 700;\">Kontaktformulare<\/span><br >Wenn Sie uns per Kontaktformular Anfragen&nbsp;zukommen lassen, werden Ihre Angaben aus dem Anfrageformular inklusive der von Ihnen dort&nbsp;angegebenen Kontaktdaten zwecks Bearbeitung der Anfrage und f\u00fcr den Fall von Anschlussfragen bei uns gespeichert. Diese Daten geben wir nicht ohne Ihre Einwilligung weiter.<\/p><p  class=\"\"><span  style=\"font-weight: 700;\">Newsletter<\/span><br >Wenn Sie den auf der Website angebotenen Newsletter beziehen m\u00f6chten, ben\u00f6tigen wir von Ihnen eine E-Mail-Adresse sowie Informationen, welche uns die&nbsp;\u00dcberpr\u00fcfung gestatten, dass Sie der Inhaber der angegebenen E-Mail-Adresse sind und mit&nbsp;dem Empfang des Newsletters einverstanden sind. Weitere Daten werden nicht erhoben. Diese Daten&nbsp;verwenden wir ausschlie\u00dflich f\u00fcr den Versand der angeforderten Informationen und geben sie&nbsp;nicht an Dritte weiter. Die erteilte Einwilligung zur Speicherung der Daten, der E-Mail-Adresse sowie deren Nutzung zum Versand des Newsletters k\u00f6nnen Sie jederzeit widerrufen, etwa&nbsp;\u00fcber den \u201eAustragen\u201c-Link im Newsletter.<\/p><p  class=\"\"><span  style=\"font-weight: 700;\">YouTube<\/span><br >Unsere&nbsp;Website nutzt Plugins der von Google betriebenen Seite YouTube. Betreiber der Seiten ist YouTube,&nbsp;LLC, 901 Cherry Ave., San Bruno, CA 94066, USA. Wenn Sie eine unserer mit einem YouTube-Plugin&nbsp;ausgestatteten Seiten besuchen, wird eine Verbindung zu den Servern von YouTube hergestellt. Dabei&nbsp;wird dem Youtube-Server mitgeteilt, welche unserer Seiten Sie besucht haben. Wenn Sie in&nbsp;Ihrem YouTube-Account eingeloggt sind erm\u00f6glichen Sie YouTube, Ihr Surfverhalten direkt Ihrem&nbsp;pers\u00f6nlichen Profil zuzuordnen. Dies k\u00f6nnen Sie verhindern, indem Sie sich aus Ihrem&nbsp;YouTube-Account ausloggen. Weitere Informationen zum Umgang von Nutzerdaten finden Sie in&nbsp;der Datenschutzerkl\u00e4rung von YouTube unter: <a  href=\"https:\/\/www.google.de\/intl\/de\/policies\/privacy\" target=\"_blank\" rel=\"noopener noreferrer\" class=\"\">https:\/\/www.google.de\/intl\/de\/policies\/privacy<\/a><\/p><p  class=\"\"><span  style=\"font-weight: 700;\">Kommentarfunktion<\/span><br >F\u00fcr die Kommentarfunktion auf dieser Seite&nbsp;werden neben Ihrem Kommentar auch Angaben zum Zeitpunkt der Erstellung des Kommentars, Ihre EMail-&nbsp;Adresse und, wenn Sie nicht anonym posten, der von Ihnen gew\u00e4hlte Nutzername&nbsp;gespeichert.<\/p><p  class=\"\"><span  style=\"font-weight: 700;\">Speicherung der IP-Adresse<\/span><br >Unsere Kommentarfunktion&nbsp;speichert die IP-Adressen der Nutzer, die Kommentare verfassen. Da wir Kommentare auf unserer Seite&nbsp;nicht vor der Freischaltung pr\u00fcfen, ben\u00f6tigen wir diese Daten, um im Falle von&nbsp;Rechtsverletzungen wie Beleidigungen oder Propaganda gegen den Verfasser vorgehen zu&nbsp;k\u00f6nnen.<\/p><p  class=\"\"><span  style=\"font-weight: 700;\">Abonnieren von Kommentaren<\/span><br >Als Nutzer der Seite&nbsp;k\u00f6nnen Sie nach einer Anmeldung Kommentare abonnieren. Sie erhalten eine&nbsp;Best\u00e4tigungsemail, um zu pr\u00fcfen, ob Sie der Inhaber der angegebenen E-Mail-Adresse sind.&nbsp;Sie k\u00f6nnen diese Funktion jederzeit \u00fcber einen Link in den Info-Mails abbestellen.<\/p><p  class=\"\"><span  style=\"font-weight: 700;\">SSL-Verschl\u00fcsselung<\/span><br >Diese Seite nutzt aus Gr\u00fcnden der Sicherheit und zum Schutz der \u00dcbertragung vertraulicher Inhalte, wie zum Beispiel der Anfragen, die Sie an uns als Seitenbetreiber senden, eine SSL-Verschl\u00fcsselung. Eine verschl\u00fcsselte Verbindung erkennen Sie daran, dass die Adresszeile des Browsers von \u201ehttp:\/\/\u201c auf \u201ehttps:\/\/\u201c wechselt und an dem Schloss-Symbol in Ihrer Browserzeile. Wenn die SSL Verschl\u00fcsselung aktiviert ist, k\u00f6nnen die Daten, die Sie an uns \u00fcbermitteln, nicht von Dritten mitgelesen werden.<\/p><p  class=\"\"><span  style=\"font-weight: 700;\">Recht auf Auskunft, Sperrung und L\u00f6schung<\/span><br >Sie haben jederzeit das Recht auf unentgeltliche Auskunft \u00fcber Ihre gespeicherten personenbezogenen Daten, deren Herkunft und Empf\u00e4nger und den Zweck der Datenverarbeitung&nbsp;sowie ein Recht auf Berichtigung, Sperrung oder L\u00f6schung dieser Daten. Hierzu sowie zu weiteren&nbsp;Fragen zum Thema personenbezogene Daten k\u00f6nnen Sie sich jederzeit unter der im Impressum&nbsp;angegebenen Adresse an uns wenden.<\/p><\/div> <\/div> <\/div> <\/div>","protected":false},"excerpt":{"rendered":"<p>Angaben gem\u00e4\u00df \u00a75 Telemedien-Gesetz (TMG) FSV 1910 Karlsruhe e.V. \u2013 Abteilung Motorflug Laval Avenue E 207a 77836 Rheinm\u00fcnsterVertreten durch:1. Vorsitzender: Roland Helfer Abteilungsleiter Motorflug: Andreas Vogel Ausbildungsleiter: Klaus Wegmann-MerseburgerKontaktTelefon: +49 176 239 240 30 e-Mail: fsv.motor@web.deRegistereintragRegistergericht: Vereinsregister beim Amtsgericht Mannheim Registernummer: VR 100545UmsatzsteuerUmsatzsteuer-Identifikationsnummer gem\u00e4\u00df \u00a727 a Umsatzsteuergesetz: DE143609157StreitschlichtungWir sind nicht bereit oder verpflichtet, an Streitbeilegungsverfahren&hellip; <br \/> <a class=\"button small blue\" href=\"https:\/\/fsv1910.org\/?page_id=3065\">Weiterlesen<\/a><\/p>\n","protected":false},"author":136,"featured_media":0,"parent":0,"menu_order":0,"comment_status":"closed","ping_status":"closed","template":"full-width-page.php","meta":{"footnotes":""},"class_list":["post-3065","page","type-page","status-publish","hentry"],"yoast_head":"<!-- This site is optimized with the Yoast SEO plugin v27.4 - https:\/\/yoast.com\/product\/yoast-seo-wordpress\/ -->\n<title>Impressum &#8211; FSV 1910 Karlsruhe e.V<\/title>\n<meta name=\"robots\" content=\"index, follow, max-snippet:-1, max-image-preview:large, max-video-preview:-1\" \/>\n<link rel=\"canonical\" href=\"https:\/\/fsv1910.org\/?page_id=3065\" \/>\n<meta property=\"og:locale\" content=\"de_DE\" \/>\n<meta property=\"og:type\" content=\"article\" \/>\n<meta property=\"og:title\" content=\"Impressum &#8211; FSV 1910 Karlsruhe e.V\" \/>\n<meta property=\"og:description\" content=\"Angaben gem\u00e4\u00df \u00a75 Telemedien-Gesetz (TMG) FSV 1910 Karlsruhe e.V. \u2013 Abteilung Motorflug Laval Avenue E 207a 77836 Rheinm\u00fcnsterVertreten durch:1. Vorsitzender: Roland Helfer Abteilungsleiter Motorflug: Andreas Vogel Ausbildungsleiter: Klaus Wegmann-MerseburgerKontaktTelefon: +49 176 239 240 30 e-Mail: fsv.motor@web.deRegistereintragRegistergericht: Vereinsregister beim Amtsgericht Mannheim Registernummer: VR 100545UmsatzsteuerUmsatzsteuer-Identifikationsnummer gem\u00e4\u00df \u00a727 a Umsatzsteuergesetz: DE143609157StreitschlichtungWir sind nicht bereit oder verpflichtet, an Streitbeilegungsverfahren&hellip; Weiterlesen\" \/>\n<meta property=\"og:url\" content=\"https:\/\/fsv1910.org\/?page_id=3065\" \/>\n<meta property=\"og:site_name\" content=\"FSV 1910 Karlsruhe e.V\" \/>\n<meta property=\"article:modified_time\" content=\"2025-07-31T14:00:57+00:00\" \/>\n<meta name=\"twitter:card\" content=\"summary_large_image\" \/>\n<meta name=\"twitter:label1\" content=\"Gesch\u00e4tzte Lesezeit\" \/>\n\t<meta name=\"twitter:data1\" content=\"6\u00a0Minuten\" \/>\n<script type=\"application\/ld+json\" class=\"yoast-schema-graph\">{\"@context\":\"https:\\\/\\\/schema.org\",\"@graph\":[{\"@type\":\"WebPage\",\"@id\":\"https:\\\/\\\/fsv1910.org\\\/?page_id=3065\",\"url\":\"https:\\\/\\\/fsv1910.org\\\/?page_id=3065\",\"name\":\"Impressum &#8211; FSV 1910 Karlsruhe e.V\",\"isPartOf\":{\"@id\":\"https:\\\/\\\/fsv1910.org\\\/#website\"},\"datePublished\":\"2025-07-31T13:05:37+00:00\",\"dateModified\":\"2025-07-31T14:00:57+00:00\",\"breadcrumb\":{\"@id\":\"https:\\\/\\\/fsv1910.org\\\/?page_id=3065#breadcrumb\"},\"inLanguage\":\"de\",\"potentialAction\":[{\"@type\":\"ReadAction\",\"target\":[\"https:\\\/\\\/fsv1910.org\\\/?page_id=3065\"]}]},{\"@type\":\"BreadcrumbList\",\"@id\":\"https:\\\/\\\/fsv1910.org\\\/?page_id=3065#breadcrumb\",\"itemListElement\":[{\"@type\":\"ListItem\",\"position\":1,\"name\":\"Startseite\",\"item\":\"https:\\\/\\\/fsv1910.org\\\/\"},{\"@type\":\"ListItem\",\"position\":2,\"name\":\"Impressum\"}]},{\"@type\":\"WebSite\",\"@id\":\"https:\\\/\\\/fsv1910.org\\\/#website\",\"url\":\"https:\\\/\\\/fsv1910.org\\\/\",\"name\":\"FSV 1910 Karlsruhe Motorflug\",\"description\":\"Abteilung Motorflug\",\"publisher\":{\"@id\":\"https:\\\/\\\/fsv1910.org\\\/#organization\"},\"potentialAction\":[{\"@type\":\"SearchAction\",\"target\":{\"@type\":\"EntryPoint\",\"urlTemplate\":\"https:\\\/\\\/fsv1910.org\\\/?s={search_term_string}\"},\"query-input\":{\"@type\":\"PropertyValueSpecification\",\"valueRequired\":true,\"valueName\":\"search_term_string\"}}],\"inLanguage\":\"de\"},{\"@type\":\"Organization\",\"@id\":\"https:\\\/\\\/fsv1910.org\\\/#organization\",\"name\":\"FSV 1910 Karlsruhe Motorflug\",\"url\":\"https:\\\/\\\/fsv1910.org\\\/\",\"logo\":{\"@type\":\"ImageObject\",\"inLanguage\":\"de\",\"@id\":\"https:\\\/\\\/fsv1910.org\\\/#\\\/schema\\\/logo\\\/image\\\/\",\"url\":\"https:\\\/\\\/fsv1910.org\\\/wp-content\\\/uploads\\\/2025-07-07-final-black.png\",\"contentUrl\":\"https:\\\/\\\/fsv1910.org\\\/wp-content\\\/uploads\\\/2025-07-07-final-black.png\",\"width\":1558,\"height\":534,\"caption\":\"FSV 1910 Karlsruhe Motorflug\"},\"image\":{\"@id\":\"https:\\\/\\\/fsv1910.org\\\/#\\\/schema\\\/logo\\\/image\\\/\"}}]}<\/script>\n<!-- \/ Yoast SEO plugin. -->","yoast_head_json":{"title":"Impressum &#8211; FSV 1910 Karlsruhe e.V","robots":{"index":"index","follow":"follow","max-snippet":"max-snippet:-1","max-image-preview":"max-image-preview:large","max-video-preview":"max-video-preview:-1"},"canonical":"https:\/\/fsv1910.org\/?page_id=3065","og_locale":"de_DE","og_type":"article","og_title":"Impressum &#8211; FSV 1910 Karlsruhe e.V","og_description":"Angaben gem\u00e4\u00df \u00a75 Telemedien-Gesetz (TMG) FSV 1910 Karlsruhe e.V. \u2013 Abteilung Motorflug Laval Avenue E 207a 77836 Rheinm\u00fcnsterVertreten durch:1. Vorsitzender: Roland Helfer Abteilungsleiter Motorflug: Andreas Vogel Ausbildungsleiter: Klaus Wegmann-MerseburgerKontaktTelefon: +49 176 239 240 30 e-Mail: fsv.motor@web.deRegistereintragRegistergericht: Vereinsregister beim Amtsgericht Mannheim Registernummer: VR 100545UmsatzsteuerUmsatzsteuer-Identifikationsnummer gem\u00e4\u00df \u00a727 a Umsatzsteuergesetz: DE143609157StreitschlichtungWir sind nicht bereit oder verpflichtet, an Streitbeilegungsverfahren&hellip; Weiterlesen","og_url":"https:\/\/fsv1910.org\/?page_id=3065","og_site_name":"FSV 1910 Karlsruhe e.V","article_modified_time":"2025-07-31T14:00:57+00:00","twitter_card":"summary_large_image","twitter_misc":{"Gesch\u00e4tzte Lesezeit":"6\u00a0Minuten"},"schema":{"@context":"https:\/\/schema.org","@graph":[{"@type":"WebPage","@id":"https:\/\/fsv1910.org\/?page_id=3065","url":"https:\/\/fsv1910.org\/?page_id=3065","name":"Impressum &#8211; FSV 1910 Karlsruhe e.V","isPartOf":{"@id":"https:\/\/fsv1910.org\/#website"},"datePublished":"2025-07-31T13:05:37+00:00","dateModified":"2025-07-31T14:00:57+00:00","breadcrumb":{"@id":"https:\/\/fsv1910.org\/?page_id=3065#breadcrumb"},"inLanguage":"de","potentialAction":[{"@type":"ReadAction","target":["https:\/\/fsv1910.org\/?page_id=3065"]}]},{"@type":"BreadcrumbList","@id":"https:\/\/fsv1910.org\/?page_id=3065#breadcrumb","itemListElement":[{"@type":"ListItem","position":1,"name":"Startseite","item":"https:\/\/fsv1910.org\/"},{"@type":"ListItem","position":2,"name":"Impressum"}]},{"@type":"WebSite","@id":"https:\/\/fsv1910.org\/#website","url":"https:\/\/fsv1910.org\/","name":"FSV 1910 Karlsruhe Motorflug","description":"Abteilung Motorflug","publisher":{"@id":"https:\/\/fsv1910.org\/#organization"},"potentialAction":[{"@type":"SearchAction","target":{"@type":"EntryPoint","urlTemplate":"https:\/\/fsv1910.org\/?s={search_term_string}"},"query-input":{"@type":"PropertyValueSpecification","valueRequired":true,"valueName":"search_term_string"}}],"inLanguage":"de"},{"@type":"Organization","@id":"https:\/\/fsv1910.org\/#organization","name":"FSV 1910 Karlsruhe Motorflug","url":"https:\/\/fsv1910.org\/","logo":{"@type":"ImageObject","inLanguage":"de","@id":"https:\/\/fsv1910.org\/#\/schema\/logo\/image\/","url":"https:\/\/fsv1910.org\/wp-content\/uploads\/2025-07-07-final-black.png","contentUrl":"https:\/\/fsv1910.org\/wp-content\/uploads\/2025-07-07-final-black.png","width":1558,"height":534,"caption":"FSV 1910 Karlsruhe Motorflug"},"image":{"@id":"https:\/\/fsv1910.org\/#\/schema\/logo\/image\/"}}]}},"_links":{"self":[{"href":"https:\/\/fsv1910.org\/index.php?rest_route=\/wp\/v2\/pages\/3065","targetHints":{"allow":["GET"]}}],"collection":[{"href":"https:\/\/fsv1910.org\/index.php?rest_route=\/wp\/v2\/pages"}],"about":[{"href":"https:\/\/fsv1910.org\/index.php?rest_route=\/wp\/v2\/types\/page"}],"author":[{"embeddable":true,"href":"https:\/\/fsv1910.org\/index.php?rest_route=\/wp\/v2\/users\/136"}],"replies":[{"embeddable":true,"href":"https:\/\/fsv1910.org\/index.php?rest_route=%2Fwp%2Fv2%2Fcomments&post=3065"}],"version-history":[{"count":17,"href":"https:\/\/fsv1910.org\/index.php?rest_route=\/wp\/v2\/pages\/3065\/revisions"}],"predecessor-version":[{"id":3099,"href":"https:\/\/fsv1910.org\/index.php?rest_route=\/wp\/v2\/pages\/3065\/revisions\/3099"}],"wp:attachment":[{"href":"https:\/\/fsv1910.org\/index.php?rest_route=%2Fwp%2Fv2%2Fmedia&parent=3065"}],"curies":[{"name":"wp","href":"https:\/\/api.w.org\/{rel}","templated":true}]}}