{"id":3357,"date":"2025-08-22T11:35:04","date_gmt":"2025-08-22T09:35:04","guid":{"rendered":"https:\/\/fsv1910.org\/?page_id=3357"},"modified":"2026-02-03T22:58:45","modified_gmt":"2026-02-03T21:58:45","slug":"untitled-page-2025-08-22-093647","status":"publish","type":"page","link":"https:\/\/fsv1910.org\/?page_id=3357","title":{"rendered":"Verein"},"content":{"rendered":"<div  data-label=\"Der Verein\" data-id=\"features-image-cards-section\" data-category=\"features\" class=\"features-image-cards-section\" style=\"background-color: rgb(255, 255, 255); background-image: none;\" id=\"der-verein\" data-ovid=\"ovid-der-verein-104\">\n<div  class=\"gridContainer\">\n<div  class=\"features-image-cards-textrow\">\n<div  class=\"features-image-cards-textcol dynamic-color\" data-type=\"column\">\n\n<h2  class=\"\"><span  style=\"font-weight: 400;\">Flugsportverein 1910 Karlsruhe e.V.<\/span><\/h2>\n\n<a  class=\"button small no-shadow color1\" href=\"https:\/\/www.fsv-karlsruhe.de\" target=\"_self\" data-icon=\"\">Gesamtverein<\/a>\n<p  class=\"\">Schon 1910 wurde der Verein&nbsp;als \u201eBadischer Luftschifffahrt-Verein \nKarlsruhe e.V.\u201c gegr\u00fcndet. Von den Pioniertagen bis ins 21. Jahrhundert \nhat er einige Wandlungen durchgemacht. Geblieben ist die Sehnsucht \nseiner Mitglieder, den Traum vom Fliegen zu verwirklichen. Daf\u00fcr hat der\n FSV 1910 heute vier Abteilungen:<\/p><\/div>\n<\/div>\n<\/div>\n<\/div><div  data-label=\"Motorflug\" data-id=\"content-image-left\" data-category=\"content\" class=\"content-left-image-section content-image-left\" id=\"motorflug\" style=\"background-color: rgb(255, 255, 255); background-image: none;\" data-ovid=\"ovid-content-3-143\"> <div  class=\"gridContainer\"> <div  class=\"row\"> <div  class=\"content-left-image-imgcol\" data-type=\"column\"> <img  decoding=\"async\" src=\"https:\/\/fsv1910.org\/wp-content\/uploads\/D-EAMX_Shelter.jpg\" class=\"\" alt=\"\"> <\/div> <div  class=\"content-left-image-textcol dynamic-color\" data-type=\"column\"> <h2  class=\"\">Motorflug<\/h2> <p  class=\"\">\u00dcber den eigenen Tellerrand hinausschauen, unvergessliche Ausfl\u00fcge mit Freunden und Familie erleben, einfach mal den Alltag unter sich liegen lassen, ein richtiger Pilot sein: Motorflug macht\u2019s m\u00f6glich!<\/p> <a  class=\"button small no-shadow color1\" href=\"https:\/\/fsv1910.org\" target=\"_self\" data-icon=\"\"> Abteilung Motorflug <\/a> <\/div> <\/div> <\/div> <\/div><div  data-label=\"Segelflug\" data-id=\"content-image-left-1\" data-category=\"content\" class=\"content-left-image-section content-image-left-1\" id=\"segelflug\" style=\"background-color: rgb(255, 255, 255); background-image: none;\" data-ovid=\"ovid-segelflug-2172\"> <div  class=\"gridContainer\"> <div  class=\"row\"> <div  class=\"content-left-image-imgcol\" data-type=\"column\"> <img  decoding=\"async\" src=\"https:\/\/fsv1910.org\/wp-content\/uploads\/Discus-CS.jpg\" class=\"\" alt=\"\"> <\/div> <div  class=\"content-left-image-textcol dynamic-color\" data-type=\"column\"> <h2  class=\"\">Segelflug<\/h2> <p  class=\"\">Lautlos durch die L\u00fcfte gleiten, unter geschickter Ausnutzung der Naturkr\u00e4fte Strecken von einigen hundert Kilometern L\u00e4nge fliegen, hautnah das Wetter erleben, im Kunstflug elegant am Himmel turnen: Das ist Segelfliegen!<\/p> <a  class=\"button small no-shadow color1\" href=\"https:\/\/www.fsv-karlsruhe.de\/abteilungen\/index.php\/segelflug\" target=\"_self\" data-icon=\"\"> Abteilung Segelflug <\/a> <\/div> <\/div> <\/div> <\/div><div  data-label=\"Ultraleicht\" data-id=\"content-image-left-2\" data-category=\"content\" class=\"content-left-image-section content-image-left-2\" id=\"ultraleicht\" style=\"background-color: rgb(255, 255, 255); background-image: none;\" data-ovid=\"ovid-content-2-175\"> <div  class=\"gridContainer\"> <div  class=\"row\"> <div  class=\"content-left-image-imgcol\" data-type=\"column\"> <img  decoding=\"async\" src=\"https:\/\/fsv1910.org\/wp-content\/uploads\/D-MZWT_WT9.jpg\" class=\"\" alt=\"\"> <\/div> <div  class=\"content-left-image-textcol dynamic-color\" data-type=\"column\"> <h2  class=\"\">Ultraleicht&nbsp;<\/h2> <p  class=\"\">Den Horizont erweitern \u2013 und dabei den Geldbeutel schonen, die Sch\u00f6nheit der Natur von oben genie\u00dfen, grenzenlose Freiheit selbst erfahren, das ist: Ultraleicht mit Ultraleicht!<\/p> <a  class=\"button small no-shadow color1\" href=\"https:\/\/www.ulonline.de\" target=\"_self\" data-icon=\"\"> Abteilung Ultraleicht <\/a> <\/div> <\/div> <\/div> <\/div><div  data-label=\"Modellflug\" data-id=\"content-image-left-3\" data-category=\"content\" class=\"content-left-image-section content-image-left-3\" id=\"modellflug\" style=\"background-color: rgb(255, 255, 255); background-image: none;\" data-ovid=\"ovid-modellflug-2179\"> <div  class=\"gridContainer\"> <div  class=\"row\"> <div  class=\"content-left-image-imgcol\" data-type=\"column\"> <img  decoding=\"async\" src=\"https:\/\/fsv1910.org\/wp-content\/uploads\/Modellflug.jpg\" class=\"\" alt=\"\"> <\/div> <div  class=\"content-left-image-textcol dynamic-color\" data-type=\"column\"> <h2  class=\"\">Modellflug<\/h2> <p  class=\"\">Spielzeug war gestern! Professioneller Flugmodellbau mit tollen Flugger\u00e4ten, neue Flugerfahrungen auf einem gepflegten Flugplatz sammeln. Vom Anf\u00e4nger bis hin zum Profi, vom Jugendlichen bis hin zum \u201ealten Hasen\u201c und das zusammen mit vielen Vereinskameraden: Modellfliegen im Verein!<\/p> <a  class=\"button small no-shadow color1\" href=\"https:\/\/www.fsv-karlsruhe.de\/abteilungen\/index.php\/modellflug\" target=\"_self\" data-icon=\"\"> Abteilung Modellflug <\/a> <\/div> <\/div> <\/div> <\/div>","protected":false},"excerpt":{"rendered":"<p>Flugsportverein 1910 Karlsruhe e.V. Gesamtverein Schon 1910 wurde der Verein&nbsp;als \u201eBadischer Luftschifffahrt-Verein Karlsruhe e.V.\u201c gegr\u00fcndet. Von den Pioniertagen bis ins 21. Jahrhundert hat er einige Wandlungen durchgemacht. Geblieben ist die Sehnsucht seiner Mitglieder, den Traum vom Fliegen zu verwirklichen. Daf\u00fcr hat der FSV 1910 heute vier Abteilungen: Motorflug \u00dcber den eigenen Tellerrand hinausschauen, unvergessliche Ausfl\u00fcge&hellip; <br \/> <a class=\"button small blue\" href=\"https:\/\/fsv1910.org\/?page_id=3357\">Weiterlesen<\/a><\/p>\n","protected":false},"author":134,"featured_media":4818,"parent":0,"menu_order":0,"comment_status":"closed","ping_status":"closed","template":"full-width-page.php","meta":{"footnotes":""},"class_list":["post-3357","page","type-page","status-publish","has-post-thumbnail","hentry"],"yoast_head":"<!-- This site is optimized with the Yoast SEO plugin v27.4 - https:\/\/yoast.com\/product\/yoast-seo-wordpress\/ -->\n<title>Verein &#8211; FSV 1910 Karlsruhe e.V<\/title>\n<meta name=\"robots\" content=\"index, follow, max-snippet:-1, max-image-preview:large, max-video-preview:-1\" \/>\n<link rel=\"canonical\" href=\"https:\/\/fsv1910.org\/?page_id=3357\" \/>\n<meta property=\"og:locale\" content=\"de_DE\" \/>\n<meta property=\"og:type\" content=\"article\" \/>\n<meta property=\"og:title\" content=\"Verein &#8211; FSV 1910 Karlsruhe e.V\" \/>\n<meta property=\"og:description\" content=\"Flugsportverein 1910 Karlsruhe e.V. Gesamtverein Schon 1910 wurde der Verein&nbsp;als \u201eBadischer Luftschifffahrt-Verein Karlsruhe e.V.\u201c gegr\u00fcndet. Von den Pioniertagen bis ins 21. Jahrhundert hat er einige Wandlungen durchgemacht. Geblieben ist die Sehnsucht seiner Mitglieder, den Traum vom Fliegen zu verwirklichen. Daf\u00fcr hat der FSV 1910 heute vier Abteilungen: Motorflug \u00dcber den eigenen Tellerrand hinausschauen, unvergessliche Ausfl\u00fcge&hellip; Weiterlesen\" \/>\n<meta property=\"og:url\" content=\"https:\/\/fsv1910.org\/?page_id=3357\" \/>\n<meta property=\"og:site_name\" content=\"FSV 1910 Karlsruhe e.V\" \/>\n<meta property=\"article:modified_time\" content=\"2026-02-03T21:58:45+00:00\" \/>\n<meta property=\"og:image\" content=\"https:\/\/fsv1910.org\/wp-content\/uploads\/header_wolken.jpg\" \/>\n\t<meta property=\"og:image:width\" content=\"1920\" \/>\n\t<meta property=\"og:image:height\" content=\"900\" \/>\n\t<meta property=\"og:image:type\" content=\"image\/jpeg\" \/>\n<meta name=\"twitter:card\" content=\"summary_large_image\" \/>\n<meta name=\"twitter:label1\" content=\"Gesch\u00e4tzte Lesezeit\" \/>\n\t<meta name=\"twitter:data1\" content=\"1\u00a0Minute\" \/>\n<script type=\"application\/ld+json\" class=\"yoast-schema-graph\">{\"@context\":\"https:\\\/\\\/schema.org\",\"@graph\":[{\"@type\":\"WebPage\",\"@id\":\"https:\\\/\\\/fsv1910.org\\\/?page_id=3357\",\"url\":\"https:\\\/\\\/fsv1910.org\\\/?page_id=3357\",\"name\":\"Verein &#8211; FSV 1910 Karlsruhe e.V\",\"isPartOf\":{\"@id\":\"https:\\\/\\\/fsv1910.org\\\/#website\"},\"primaryImageOfPage\":{\"@id\":\"https:\\\/\\\/fsv1910.org\\\/?page_id=3357#primaryimage\"},\"image\":{\"@id\":\"https:\\\/\\\/fsv1910.org\\\/?page_id=3357#primaryimage\"},\"thumbnailUrl\":\"https:\\\/\\\/fsv1910.org\\\/wp-content\\\/uploads\\\/header_wolken.jpg\",\"datePublished\":\"2025-08-22T09:35:04+00:00\",\"dateModified\":\"2026-02-03T21:58:45+00:00\",\"breadcrumb\":{\"@id\":\"https:\\\/\\\/fsv1910.org\\\/?page_id=3357#breadcrumb\"},\"inLanguage\":\"de\",\"potentialAction\":[{\"@type\":\"ReadAction\",\"target\":[\"https:\\\/\\\/fsv1910.org\\\/?page_id=3357\"]}]},{\"@type\":\"ImageObject\",\"inLanguage\":\"de\",\"@id\":\"https:\\\/\\\/fsv1910.org\\\/?page_id=3357#primaryimage\",\"url\":\"https:\\\/\\\/fsv1910.org\\\/wp-content\\\/uploads\\\/header_wolken.jpg\",\"contentUrl\":\"https:\\\/\\\/fsv1910.org\\\/wp-content\\\/uploads\\\/header_wolken.jpg\",\"width\":1920,\"height\":900},{\"@type\":\"BreadcrumbList\",\"@id\":\"https:\\\/\\\/fsv1910.org\\\/?page_id=3357#breadcrumb\",\"itemListElement\":[{\"@type\":\"ListItem\",\"position\":1,\"name\":\"Startseite\",\"item\":\"https:\\\/\\\/fsv1910.org\\\/\"},{\"@type\":\"ListItem\",\"position\":2,\"name\":\"Verein\"}]},{\"@type\":\"WebSite\",\"@id\":\"https:\\\/\\\/fsv1910.org\\\/#website\",\"url\":\"https:\\\/\\\/fsv1910.org\\\/\",\"name\":\"FSV 1910 Karlsruhe Motorflug\",\"description\":\"Abteilung Motorflug\",\"publisher\":{\"@id\":\"https:\\\/\\\/fsv1910.org\\\/#organization\"},\"potentialAction\":[{\"@type\":\"SearchAction\",\"target\":{\"@type\":\"EntryPoint\",\"urlTemplate\":\"https:\\\/\\\/fsv1910.org\\\/?s={search_term_string}\"},\"query-input\":{\"@type\":\"PropertyValueSpecification\",\"valueRequired\":true,\"valueName\":\"search_term_string\"}}],\"inLanguage\":\"de\"},{\"@type\":\"Organization\",\"@id\":\"https:\\\/\\\/fsv1910.org\\\/#organization\",\"name\":\"FSV 1910 Karlsruhe Motorflug\",\"url\":\"https:\\\/\\\/fsv1910.org\\\/\",\"logo\":{\"@type\":\"ImageObject\",\"inLanguage\":\"de\",\"@id\":\"https:\\\/\\\/fsv1910.org\\\/#\\\/schema\\\/logo\\\/image\\\/\",\"url\":\"https:\\\/\\\/fsv1910.org\\\/wp-content\\\/uploads\\\/2025-07-07-final-black.png\",\"contentUrl\":\"https:\\\/\\\/fsv1910.org\\\/wp-content\\\/uploads\\\/2025-07-07-final-black.png\",\"width\":1558,\"height\":534,\"caption\":\"FSV 1910 Karlsruhe Motorflug\"},\"image\":{\"@id\":\"https:\\\/\\\/fsv1910.org\\\/#\\\/schema\\\/logo\\\/image\\\/\"}}]}<\/script>\n<!-- \/ Yoast SEO plugin. -->","yoast_head_json":{"title":"Verein &#8211; FSV 1910 Karlsruhe e.V","robots":{"index":"index","follow":"follow","max-snippet":"max-snippet:-1","max-image-preview":"max-image-preview:large","max-video-preview":"max-video-preview:-1"},"canonical":"https:\/\/fsv1910.org\/?page_id=3357","og_locale":"de_DE","og_type":"article","og_title":"Verein &#8211; FSV 1910 Karlsruhe e.V","og_description":"Flugsportverein 1910 Karlsruhe e.V. Gesamtverein Schon 1910 wurde der Verein&nbsp;als \u201eBadischer Luftschifffahrt-Verein Karlsruhe e.V.\u201c gegr\u00fcndet. Von den Pioniertagen bis ins 21. Jahrhundert hat er einige Wandlungen durchgemacht. Geblieben ist die Sehnsucht seiner Mitglieder, den Traum vom Fliegen zu verwirklichen. Daf\u00fcr hat der FSV 1910 heute vier Abteilungen: Motorflug \u00dcber den eigenen Tellerrand hinausschauen, unvergessliche Ausfl\u00fcge&hellip; Weiterlesen","og_url":"https:\/\/fsv1910.org\/?page_id=3357","og_site_name":"FSV 1910 Karlsruhe e.V","article_modified_time":"2026-02-03T21:58:45+00:00","og_image":[{"width":1920,"height":900,"url":"https:\/\/fsv1910.org\/wp-content\/uploads\/header_wolken.jpg","type":"image\/jpeg"}],"twitter_card":"summary_large_image","twitter_misc":{"Gesch\u00e4tzte Lesezeit":"1\u00a0Minute"},"schema":{"@context":"https:\/\/schema.org","@graph":[{"@type":"WebPage","@id":"https:\/\/fsv1910.org\/?page_id=3357","url":"https:\/\/fsv1910.org\/?page_id=3357","name":"Verein &#8211; FSV 1910 Karlsruhe e.V","isPartOf":{"@id":"https:\/\/fsv1910.org\/#website"},"primaryImageOfPage":{"@id":"https:\/\/fsv1910.org\/?page_id=3357#primaryimage"},"image":{"@id":"https:\/\/fsv1910.org\/?page_id=3357#primaryimage"},"thumbnailUrl":"https:\/\/fsv1910.org\/wp-content\/uploads\/header_wolken.jpg","datePublished":"2025-08-22T09:35:04+00:00","dateModified":"2026-02-03T21:58:45+00:00","breadcrumb":{"@id":"https:\/\/fsv1910.org\/?page_id=3357#breadcrumb"},"inLanguage":"de","potentialAction":[{"@type":"ReadAction","target":["https:\/\/fsv1910.org\/?page_id=3357"]}]},{"@type":"ImageObject","inLanguage":"de","@id":"https:\/\/fsv1910.org\/?page_id=3357#primaryimage","url":"https:\/\/fsv1910.org\/wp-content\/uploads\/header_wolken.jpg","contentUrl":"https:\/\/fsv1910.org\/wp-content\/uploads\/header_wolken.jpg","width":1920,"height":900},{"@type":"BreadcrumbList","@id":"https:\/\/fsv1910.org\/?page_id=3357#breadcrumb","itemListElement":[{"@type":"ListItem","position":1,"name":"Startseite","item":"https:\/\/fsv1910.org\/"},{"@type":"ListItem","position":2,"name":"Verein"}]},{"@type":"WebSite","@id":"https:\/\/fsv1910.org\/#website","url":"https:\/\/fsv1910.org\/","name":"FSV 1910 Karlsruhe Motorflug","description":"Abteilung Motorflug","publisher":{"@id":"https:\/\/fsv1910.org\/#organization"},"potentialAction":[{"@type":"SearchAction","target":{"@type":"EntryPoint","urlTemplate":"https:\/\/fsv1910.org\/?s={search_term_string}"},"query-input":{"@type":"PropertyValueSpecification","valueRequired":true,"valueName":"search_term_string"}}],"inLanguage":"de"},{"@type":"Organization","@id":"https:\/\/fsv1910.org\/#organization","name":"FSV 1910 Karlsruhe Motorflug","url":"https:\/\/fsv1910.org\/","logo":{"@type":"ImageObject","inLanguage":"de","@id":"https:\/\/fsv1910.org\/#\/schema\/logo\/image\/","url":"https:\/\/fsv1910.org\/wp-content\/uploads\/2025-07-07-final-black.png","contentUrl":"https:\/\/fsv1910.org\/wp-content\/uploads\/2025-07-07-final-black.png","width":1558,"height":534,"caption":"FSV 1910 Karlsruhe Motorflug"},"image":{"@id":"https:\/\/fsv1910.org\/#\/schema\/logo\/image\/"}}]}},"_links":{"self":[{"href":"https:\/\/fsv1910.org\/index.php?rest_route=\/wp\/v2\/pages\/3357","targetHints":{"allow":["GET"]}}],"collection":[{"href":"https:\/\/fsv1910.org\/index.php?rest_route=\/wp\/v2\/pages"}],"about":[{"href":"https:\/\/fsv1910.org\/index.php?rest_route=\/wp\/v2\/types\/page"}],"author":[{"embeddable":true,"href":"https:\/\/fsv1910.org\/index.php?rest_route=\/wp\/v2\/users\/134"}],"replies":[{"embeddable":true,"href":"https:\/\/fsv1910.org\/index.php?rest_route=%2Fwp%2Fv2%2Fcomments&post=3357"}],"version-history":[{"count":57,"href":"https:\/\/fsv1910.org\/index.php?rest_route=\/wp\/v2\/pages\/3357\/revisions"}],"predecessor-version":[{"id":4827,"href":"https:\/\/fsv1910.org\/index.php?rest_route=\/wp\/v2\/pages\/3357\/revisions\/4827"}],"wp:featuredmedia":[{"embeddable":true,"href":"https:\/\/fsv1910.org\/index.php?rest_route=\/wp\/v2\/media\/4818"}],"wp:attachment":[{"href":"https:\/\/fsv1910.org\/index.php?rest_route=%2Fwp%2Fv2%2Fmedia&parent=3357"}],"curies":[{"name":"wp","href":"https:\/\/api.w.org\/{rel}","templated":true}]}}